{"id":1513,"date":"2024-02-27T23:40:40","date_gmt":"2024-02-27T22:40:40","guid":{"rendered":"https:\/\/sztanlej.pl\/?page_id=1513"},"modified":"2025-04-17T11:35:29","modified_gmt":"2025-04-17T09:35:29","slug":"wycena","status":"publish","type":"page","link":"https:\/\/panfortepian.pl\/uk\/%d0%be%d1%86%d1%96%d0%bd%d0%ba%d0%b0\/","title":{"rendered":"\u041e\u0446\u0456\u043d\u043a\u0430"},"content":{"rendered":"<div data-elementor-type=\"wp-page\" data-elementor-id=\"1513\" class=\"elementor elementor-1513\" data-elementor-post-type=\"page\">\n\t\t\t\t<div class=\"elementor-element elementor-element-5db5617 e-flex e-con-boxed e-con e-parent\" data-id=\"5db5617\" data-element_type=\"container\">\n\t\t\t\t\t<div class=\"e-con-inner\">\n\t\t\t\t\t<\/div>\n\t\t\t\t<\/div>\n\t\t<div class=\"elementor-element elementor-element-b96c4cb e-flex e-con-boxed e-con e-parent\" data-id=\"b96c4cb\" data-element_type=\"container\">\n\t\t\t\t\t<div class=\"e-con-inner\">\n\t\t<div class=\"elementor-element elementor-element-27b8dce e-con-full e-flex e-con e-child\" data-id=\"27b8dce\" data-element_type=\"container\">\n\t\t\t\t<div class=\"elementor-element elementor-element-e55f295 elementor-widget elementor-widget-heading\" data-id=\"e55f295\" data-element_type=\"widget\" data-widget_type=\"heading.default\">\n\t\t\t\t\t<h2 class=\"elementor-heading-title elementor-size-default\">\u041c\u0438 \u0437\u0430\u043f\u0440\u043e\u043f\u043e\u043d\u0443\u0454\u043c\u043e \u0432\u0430\u043c \u0446\u0456\u043d\u0443 \u0437\u0430 \u0442\u0440\u0430\u043d\u0441\u043f\u043e\u0440\u0442\u0443\u0432\u0430\u043d\u043d\u044f\/\u043f\u0435\u0440\u0435\u0432\u0435\u0437\u0435\u043d\u043d\u044f<\/h2>\t\t\t\t<\/div>\n\t\t\t\t<div class=\"elementor-element elementor-element-3d8e80c elementor-widget elementor-widget-text-editor\" data-id=\"3d8e80c\" data-element_type=\"widget\" data-widget_type=\"text-editor.default\">\n\t\t\t\t\t\t\t\t\t<p>\u041d\u0430\u0434\u0430\u0439\u0442\u0435 \u044f\u043a\u043e\u043c\u043e\u0433\u0430 \u0431\u0456\u043b\u044c\u0448\u0435 \u0434\u0435\u0442\u0430\u043b\u0435\u0439, \u0449\u043e\u0431 \u043f\u0440\u0430\u0432\u0438\u043b\u044c\u043d\u043e \u043e\u0446\u0456\u043d\u0438\u0442\u0438 \u043f\u043e\u0441\u043b\u0443\u0433\u0443<\/p>\t\t\t\t\t\t\t\t<\/div>\n\t\t\t\t<div class=\"elementor-element elementor-element-4ed928c elementor-widget__width-inherit elementor-widget elementor-widget-wp-widget-fluentform_widget\" data-id=\"4ed928c\" data-element_type=\"widget\" data-widget_type=\"wp-widget-fluentform_widget.default\">\n\t\t\t\t<div class=\"elementor-widget-container\">\n\t\t\t\t\t<div class='fluentform ff-default fluentform_wrapper_3 ffs_default_wrap'><form data-form_id=\"3\" id=\"fluentform_3\" class=\"frm-fluent-form fluent_form_3 ff-el-form-top ff_form_instance_3_1 ff-form-loading ffs_default\" data-form_instance=\"ff_form_instance_3_1\" method=\"POST\" action=\"\" ><fieldset  style=\"border: none!important;margin: 0!important;padding: 0!important;background-color: transparent!important;box-shadow: none!important;outline: none!important; min-inline-size: 100%;\">\n                    <legend class=\"ff_screen_reader_title\" style=\"display: block; margin: 0!important;padding: 0!important;height: 0!important;text-indent: -999999px;width: 0!important;overflow:hidden;\">\u041e\u0446\u0456\u043d\u043a\u0430<\/legend><input type='hidden' name='__fluent_form_embded_post_id' value='1513' \/><input type=\"hidden\" id=\"_fluentform_3_fluentformnonce\" name=\"_fluentform_3_fluentformnonce\" value=\"6635121f8d\" \/><input type=\"hidden\" name=\"_wp_http_referer\" value=\"\/uk\/wp-json\/wp\/v2\/pages\/1513\" \/><div data-name=\"ff_cn_id_1\"  class='ff-t-container ff-column-container ff_columns_total_2'><div class='ff-t-cell ff-t-column-1' style='flex-basis: 50%;'><div class='ff-el-group'><div class=\"ff-el-input--label ff-el-is-required asterisk-right\"><label for='ff_3_input_text_2' aria-label=\"\u0412\u0430\u0448\u0435 \u0456\u043c&#039;\u044f.\">\u0412\u0430\u0448\u0435 \u0456\u043c'\u044f.<\/label><\/div><div class='ff-el-input--content'><input type=\"text\" name=\"input_text_2\" class=\"ff-el-form-control\" placeholder=\"\u042f\u043d \u041a\u043e\u0432\u0430\u043b\u044c\u0441\u044c\u043a\u0438\u0439\" data-name=\"input_text_2\" id=\"ff_3_input_text_2\"  aria-invalid=\"false\" aria-required=\"true\"><\/div><\/div><\/div><div class='ff-t-cell ff-t-column-2' style='flex-basis: 50%;'><div class='ff-el-group'><div class=\"ff-el-input--label ff-el-is-required asterisk-right\"><label for='ff_3_phone' aria-label=\"\u0412\u0430\u0448 \u043d\u043e\u043c\u0435\u0440 \u0442\u0435\u043b\u0435\u0444\u043e\u043d\u0443\">\u0412\u0430\u0448 \u043d\u043e\u043c\u0435\u0440 \u0442\u0435\u043b\u0435\u0444\u043e\u043d\u0443<\/label><\/div><div class='ff-el-input--content'><input name=\"phone\" class=\"ff-el-form-control ff-el-phone\" type=\"tel\" placeholder=\"555 666 777\" data-name=\"phone\" id=\"ff_3_phone\" inputmode=\"tel\"  aria-invalid='false' aria-required=\"true\"><\/div><\/div><\/div><\/div><div data-name=\"ff_cn_id_2\"  class='ff-t-container ff-column-container ff_columns_total_2'><div class='ff-t-cell ff-t-column-1' style='flex-basis: 50%;'><div class='ff-el-group'><div class=\"ff-el-input--label ff-el-is-required asterisk-right\"><label for='ff_3_input_text_1' aria-label=\"\u041c\u0456\u0441\u0446\u0435 \u0432\u0438\u0432\u0435\u0437\u0435\u043d\u043d\u044f - \u0437\u0432\u0456\u0434\u043a\u0438\">\u041c\u0456\u0441\u0446\u0435 \u0432\u0438\u0432\u0435\u0437\u0435\u043d\u043d\u044f - \u0437\u0432\u0456\u0434\u043a\u0438<\/label><\/div><div class='ff-el-input--content'><input type=\"text\" name=\"input_text_1\" class=\"ff-el-form-control\" placeholder=\"\u0421\u0442\u0440\u0430\u0445\u043e\u0446\u0456\u043d\u0441\u044c\u043a\u0430 44\/2 \u0412\u0440\u043e\u0446\u043b\u0430\u0432\" data-name=\"input_text_1\" id=\"ff_3_input_text_1\"  aria-invalid=\"false\" aria-required=\"true\"><\/div><\/div><\/div><div class='ff-t-cell ff-t-column-2' style='flex-basis: 50%;'><div class='ff-el-group'><div class=\"ff-el-input--label ff-el-is-required asterisk-right\"><label for='ff_3_input_text' aria-label=\"\u041c\u0456\u0441\u0446\u0435 \u0432\u0438\u0432\u0435\u0437\u0435\u043d\u043d\u044f - \u043a\u0443\u0434\u0438\">\u041c\u0456\u0441\u0446\u0435 \u0432\u0438\u0432\u0435\u0437\u0435\u043d\u043d\u044f - \u043a\u0443\u0434\u0438<\/label><\/div><div class='ff-el-input--content'><input type=\"text\" name=\"input_text\" class=\"ff-el-form-control\" placeholder=\"Opolska 22 O\u0142awa\" data-name=\"input_text\" id=\"ff_3_input_text\"  aria-invalid=\"false\" aria-required=\"true\"><\/div><\/div><\/div><\/div><div class='ff-el-group'><div class=\"ff-el-input--label ff-el-is-required asterisk-right\"><label for='ff_3_description' aria-label=\"\u0429\u043e \u043c\u0438 \u0431\u0443\u0434\u0435\u043c\u043e \u043f\u0435\u0440\u0435\u0432\u043e\u0437\u0438\u0442\u0438? \u0429\u043e \u043f\u043e\u0442\u0440\u0456\u0431\u043d\u043e \u0437\u0440\u043e\u0431\u0438\u0442\u0438?\">\u0429\u043e \u043c\u0438 \u0431\u0443\u0434\u0435\u043c\u043e \u043f\u0435\u0440\u0435\u0432\u043e\u0437\u0438\u0442\u0438? \u0429\u043e \u043f\u043e\u0442\u0440\u0456\u0431\u043d\u043e \u0437\u0440\u043e\u0431\u0438\u0442\u0438?<\/label><\/div><div class='ff-el-input--content'><textarea aria-invalid=\"false\" aria-required=\"true\" name=\"description\" id=\"ff_3_description\" class=\"ff-el-form-control\" placeholder=\"4 \u0432\u0435\u043b\u0438\u043a\u0456 \u043f\u0430\u0447\u043a\u0438 \u043e\u0434\u044f\u0433\u0443, 180-\u0441\u0430\u043d\u0442\u0438\u043c\u0435\u0442\u0440\u043e\u0432\u0438\u0439 \u0445\u043e\u043b\u043e\u0434\u0438\u043b\u044c\u043d\u0438\u043a, \u0441\u0442\u0430\u0440\u0438\u0439 \u0432\u0430\u0436\u043a\u0438\u0439 \u0442\u0435\u043b\u0435\u0432\u0456\u0437\u043e\u0440, \u0440\u043e\u0437\u043a\u043b\u0430\u0434\u043d\u0438\u0439 \u0441\u0442\u0456\u043b, 4 \u0441\u0442\u0456\u043b\u044c\u0446\u0456, 8 \u043c\u0456\u0448\u043a\u0456\u0432 \u043c\u043e\u0442\u043b\u043e\u0445\u0443\" rows=\"3\" cols=\"2\" data-name=\"description\" ><\/textarea><\/div><\/div><div class='ff-el-group  ff_list_buttons'><div class=\"ff-el-input--label ff-el-is-required asterisk-right\"><label  aria-label=\"\u041d\u0430 \u044f\u043a\u043e\u043c\u0443 \u043f\u043e\u0432\u0435\u0440\u0441\u0456 \u0440\u043e\u0437\u0442\u0430\u0448\u043e\u0432\u0430\u043d\u0456 \u043e\u0431&#039;\u0454\u043a\u0442\u0438?\">\u041d\u0430 \u044f\u043a\u043e\u043c\u0443 \u043f\u043e\u0432\u0435\u0440\u0441\u0456 \u0440\u043e\u0437\u0442\u0430\u0448\u043e\u0432\u0430\u043d\u0456 \u043e\u0431'\u0454\u043a\u0442\u0438?<\/label><\/div><div class='ff-el-input--content'><div class='ff-el-form-check ff-el-form-check-'><label class='ff-el-form-check-label' for=\"input_radio_acea4a8cee6ef8a2cca5a35a1e422dc2\"><input  type=\"radio\" name=\"input_radio\" data-name=\"input_radio\" class=\"ff-el-form-check-input ff-el-form-check-radio\" value=\"Parter\"  id='input_radio_acea4a8cee6ef8a2cca5a35a1e422dc2' aria-label='\u041f\u0435\u0440\u0448\u0438\u0439 \u043f\u043e\u0432\u0435\u0440\u0445' aria-invalid='false' aria-required=\"true\"> <span>\u041f\u0435\u0440\u0448\u0438\u0439 \u043f\u043e\u0432\u0435\u0440\u0445<\/span><\/label><\/div><div class='ff-el-form-check ff-el-form-check-'><label class='ff-el-form-check-label' for=\"input_radio_ebe20272a809f09bc75029381d117146\"><input  type=\"radio\" name=\"input_radio\" data-name=\"input_radio\" class=\"ff-el-form-check-input ff-el-form-check-radio\" value=\"1\"  id='input_radio_ebe20272a809f09bc75029381d117146' aria-label='1' aria-invalid='false' aria-required=\"true\"> <span>1<\/span><\/label><\/div><div class='ff-el-form-check ff-el-form-check-'><label class='ff-el-form-check-label' for=\"input_radio_aebdf8b5ab0ce428001d51ea2a244340\"><input  type=\"radio\" name=\"input_radio\" data-name=\"input_radio\" class=\"ff-el-form-check-input ff-el-form-check-radio\" value=\"2\"  id='input_radio_aebdf8b5ab0ce428001d51ea2a244340' aria-label='2' aria-invalid='false' aria-required=\"true\"> <span>2<\/span><\/label><\/div><div class='ff-el-form-check ff-el-form-check-'><label class='ff-el-form-check-label' for=\"input_radio_482af37eaaed33111e36c53696e7ab8f\"><input  type=\"radio\" name=\"input_radio\" data-name=\"input_radio\" class=\"ff-el-form-check-input ff-el-form-check-radio\" value=\"3\"  id='input_radio_482af37eaaed33111e36c53696e7ab8f' aria-label='3' aria-invalid='false' aria-required=\"true\"> <span>3<\/span><\/label><\/div><div class='ff-el-form-check ff-el-form-check-'><label class='ff-el-form-check-label' for=\"input_radio_0fba7dbfa872d3da3b0594c7d3eba155\"><input  type=\"radio\" name=\"input_radio\" data-name=\"input_radio\" class=\"ff-el-form-check-input ff-el-form-check-radio\" value=\"Wy\u017cej\"  id='input_radio_0fba7dbfa872d3da3b0594c7d3eba155' aria-label='\u0412\u0438\u0449\u0435.' aria-invalid='false' aria-required=\"true\"> <span>\u0412\u0438\u0449\u0435.<\/span><\/label><\/div><\/div><\/div><div class='ff-el-group  ff_list_buttons'><div class=\"ff-el-input--label asterisk-right\"><label  aria-label=\"\u0412\u0456\u0434\u043c\u0456\u0442\u044c\u0442\u0435 \u0432\u0456\u0434\u043f\u043e\u0432\u0456\u0434\u043d\u0443 \u0433\u0430\u043b\u043e\u0447\u043a\u0443\">\u0412\u0456\u0434\u043c\u0456\u0442\u044c\u0442\u0435 \u0432\u0456\u0434\u043f\u043e\u0432\u0456\u0434\u043d\u0443 \u0433\u0430\u043b\u043e\u0447\u043a\u0443<\/label><\/div><div class='ff-el-input--content'><div class='ff-el-form-check ff-el-form-check-'><label class='ff-el-form-check-label' for=\"checkbox_f3395ab4859ad5451de7efab2abf6e2c\"><input  type=\"checkbox\" name=\"checkbox[]\" data-name=\"checkbox\" class=\"ff-el-form-check-input ff-el-form-check-checkbox\" value=\"Ci\u0119\u017ckie przedmioty\"  id='checkbox_f3395ab4859ad5451de7efab2abf6e2c' aria-label='\u0412\u0430\u0436\u043a\u0456 \u043f\u0440\u0435\u0434\u043c\u0435\u0442\u0438' aria-invalid='false' aria-required=\"false\"> <span>\u0412\u0430\u0436\u043a\u0456 \u043f\u0440\u0435\u0434\u043c\u0435\u0442\u0438<\/span><\/label><\/div><div class='ff-el-form-check ff-el-form-check-'><label class='ff-el-form-check-label' for=\"checkbox_d9f1097b6bf1123df1f0daa87fcc8b61\"><input  type=\"checkbox\" name=\"checkbox[]\" data-name=\"checkbox\" class=\"ff-el-form-check-input ff-el-form-check-checkbox\" value=\"Du\u017ce gabaryty\"  id='checkbox_d9f1097b6bf1123df1f0daa87fcc8b61' aria-label='\u0412\u0435\u043b\u0438\u043a\u0456 \u0440\u043e\u0437\u043c\u0456\u0440\u0438' aria-invalid='false' aria-required=\"false\"> <span>\u0412\u0435\u043b\u0438\u043a\u0456 \u0440\u043e\u0437\u043c\u0456\u0440\u0438<\/span><\/label><\/div><div class='ff-el-form-check ff-el-form-check-'><label class='ff-el-form-check-label' for=\"checkbox_478050fb31b12f43c210394bf924da21\"><input  type=\"checkbox\" name=\"checkbox[]\" data-name=\"checkbox\" class=\"ff-el-form-check-input ff-el-form-check-checkbox\" value=\"Strome schody\"  id='checkbox_478050fb31b12f43c210394bf924da21' aria-label='\u041a\u0440\u0443\u0442\u0456 \u0441\u0445\u043e\u0434\u0438' aria-invalid='false' aria-required=\"false\"> <span>\u041a\u0440\u0443\u0442\u0456 \u0441\u0445\u043e\u0434\u0438<\/span><\/label><\/div><div class='ff-el-form-check ff-el-form-check-'><label class='ff-el-form-check-label' for=\"checkbox_735fcfe7258ec5de48e76340ed97f291\"><input  type=\"checkbox\" name=\"checkbox[]\" data-name=\"checkbox\" class=\"ff-el-form-check-input ff-el-form-check-checkbox\" value=\"Du\u017ce zlecenie\"  id='checkbox_735fcfe7258ec5de48e76340ed97f291' aria-label='\u0412\u0435\u043b\u0438\u043a\u0435 \u0437\u0430\u043c\u043e\u0432\u043b\u0435\u043d\u043d\u044f' aria-invalid='false' aria-required=\"false\"> <span>\u0412\u0435\u043b\u0438\u043a\u0435 \u0437\u0430\u043c\u043e\u0432\u043b\u0435\u043d\u043d\u044f<\/span><\/label><\/div><div class='ff-el-form-check ff-el-form-check-'><label class='ff-el-form-check-label' for=\"checkbox_4e65359016d1d0dee061279789974677\"><input  type=\"checkbox\" name=\"checkbox[]\" data-name=\"checkbox\" class=\"ff-el-form-check-input ff-el-form-check-checkbox\" value=\"Brak windy\"  id='checkbox_4e65359016d1d0dee061279789974677' aria-label='\u041b\u0456\u0444\u0442\u0430 \u043d\u0435\u043c\u0430\u0454.' aria-invalid='false' aria-required=\"false\"> <span>\u041b\u0456\u0444\u0442\u0430 \u043d\u0435\u043c\u0430\u0454.<\/span><\/label><\/div><div class='ff-el-form-check ff-el-form-check-'><label class='ff-el-form-check-label' for=\"checkbox_33bc96ae588add16c500c8d6b68fd134\"><input  type=\"checkbox\" name=\"checkbox[]\" data-name=\"checkbox\" class=\"ff-el-form-check-input ff-el-form-check-checkbox\" value=\"Bardzo pilne\"  id='checkbox_33bc96ae588add16c500c8d6b68fd134' aria-label='\u0414\u0443\u0436\u0435 \u0442\u0435\u0440\u043c\u0456\u043d\u043e\u0432\u043e' aria-invalid='false' aria-required=\"false\"> <span>\u0414\u0443\u0436\u0435 \u0442\u0435\u0440\u043c\u0456\u043d\u043e\u0432\u043e<\/span><\/label><\/div><\/div><\/div><div class='ff-el-group'><div class=\"ff-el-input--label asterisk-right\"><label for='ff_3_file-upload_1' aria-label=\"\u0417\u0430\u0432\u0430\u043d\u0442\u0430\u0436\u0442\u0435 \u0441\u0443\u043f\u0440\u043e\u0432\u0456\u0434\u043d\u0456 \u0444\u043e\u0442\u043e\/\u0432\u0456\u0434\u0435\u043e (\u0456\u0437 \u0437\u043e\u0431\u0440\u0430\u0436\u0435\u043d\u043d\u044f\u043c \u043c\u0456\u0441\u0446\u044f \u0442\u0430 \u043e\u0431&#039;\u0454\u043a\u0442\u0456\u0432), \u043c\u0430\u043a\u0441\u0438\u043c\u0443\u043c 10 \u0444\u0430\u0439\u043b\u0456\u0432\">\u0417\u0430\u0432\u0430\u043d\u0442\u0430\u0436\u0442\u0435 \u0441\u0443\u043f\u0440\u043e\u0432\u0456\u0434\u043d\u0456 \u0444\u043e\u0442\u043e\/\u0432\u0456\u0434\u0435\u043e (\u0456\u0437 \u0437\u043e\u0431\u0440\u0430\u0436\u0435\u043d\u043d\u044f\u043c \u043c\u0456\u0441\u0446\u044f \u0442\u0430 \u043e\u0431'\u0454\u043a\u0442\u0456\u0432), \u043c\u0430\u043a\u0441\u0438\u043c\u0443\u043c 10 \u0444\u0430\u0439\u043b\u0456\u0432<\/label><\/div><div class='ff-el-input--content'><label for='ff_3_file-upload_1' class='ff_file_upload_holder'><span class='ff_upload_btn ff-btn'>\u0417\u0430\u0432\u0430\u043d\u0442\u0430\u0436\u0438\u0442\u0438 \u0444\u0430\u0439\u043b\u0438<\/span> <input type=\"file\" name=\"file-upload\" id=\"ff_3_file-upload_1\" class=\"ff-el-form-control  ff-screen-reader-element\" data-name=\"file-upload\" multiple=\"1\"  aria-invalid='false' aria-required=\"false\"><\/label><\/div><\/div><div class='ff-el-group'><div class=\"ff-el-input--label ff-el-is-required asterisk-right\"><label for='ff_3_datetime' aria-label=\"\u041d\u0430 \u044f\u043a\u0443 \u0434\u0430\u0442\u0443 \u0432\u0438 \u0445\u043e\u0442\u0456\u043b\u0438 \u0431 \u0441\u043a\u043e\u0440\u0438\u0441\u0442\u0430\u0442\u0438\u0441\u044f \u043d\u0430\u0448\u0438\u043c\u0438 \u043f\u043e\u0441\u043b\u0443\u0433\u0430\u043c\u0438?\">\u041d\u0430 \u044f\u043a\u0443 \u0434\u0430\u0442\u0443 \u0432\u0438 \u0445\u043e\u0442\u0456\u043b\u0438 \u0431 \u0441\u043a\u043e\u0440\u0438\u0441\u0442\u0430\u0442\u0438\u0441\u044f \u043d\u0430\u0448\u0438\u043c\u0438 \u043f\u043e\u0441\u043b\u0443\u0433\u0430\u043c\u0438?<\/label><\/div><div class='ff-el-input--content'><input  aria-label='W jakim terminie chcesz skorzysta\u0107 z naszych us\u0142ug? Use arrow keys to navigate dates. Press enter to select a date.'  aria-haspopup='dialog' data-type-datepicker data-format='m\/d\/y' type=\"text\" name=\"datetime\" value=\"20\/04\/2026\" id=\"ff_3_datetime\" class=\"ff-el-form-control ff-el-datepicker\" placeholder=\"\u0412\u0438 \u043c\u043e\u0436\u0435\u0442\u0435 \u0432\u0438\u0431\u0440\u0430\u0442\u0438 \u043a\u0456\u043b\u044c\u043a\u0430 \u0434\u043d\u0456\u0432\" data-name=\"datetime\"  aria-invalid='false' aria-required=\"true\"><\/div><\/div><div class='ff-el-group ff-text-left ff_submit_btn_wrapper'><button type=\"submit\" class=\"ff-btn ff-btn-submit ff-btn-md elementor-button-text ff_btn_no_style\" >\u041d\u0430\u0434\u0456\u0448\u043b\u0456\u0442\u044c \u0437\u0430\u043f\u0438\u0442 \u043d\u0430 \u043a\u043e\u043c\u0435\u0440\u0446\u0456\u0439\u043d\u0443 \u043f\u0440\u043e\u043f\u043e\u0437\u0438\u0446\u0456\u044e<\/button><\/div><\/fieldset><input type=\"hidden\" name=\"trp-form-language\" value=\"uk\"\/><\/form><div id='fluentform_3_errors' class='ff-errors-in-stack ff_form_instance_3_1 ff-form-loading_errors ff_form_instance_3_1_errors'><\/div><\/div>        <script type=\"text\/javascript\">\n            window.fluent_form_ff_form_instance_3_1 = {\"id\":\"3\",\"settings\":{\"layout\":{\"labelPlacement\":\"top\",\"helpMessagePlacement\":\"with_label\",\"errorMessagePlacement\":\"inline\",\"cssClassName\":\"\",\"asteriskPlacement\":\"asterisk-right\"},\"restrictions\":{\"denyEmptySubmission\":{\"enabled\":false}}},\"form_instance\":\"ff_form_instance_3_1\",\"form_id_selector\":\"fluentform_3\",\"rules\":{\"input_text_2\":{\"required\":{\"value\":true,\"message\":\"To pole jest wymagane\",\"global_message\":\"To pole jest wymagane\",\"global\":false}},\"phone\":{\"required\":{\"value\":true,\"message\":\"To pole jest wymagane\",\"global\":false,\"global_message\":\"To pole jest wymagane\"},\"valid_phone_number\":{\"value\":false,\"message\":\"Phone number is not valid\",\"global\":false,\"global_message\":\"Prosz\\u0119 poda\\u0107 prawid\\u0142owy numer telefonu\"}},\"input_text_1\":{\"required\":{\"value\":true,\"message\":\"To pole jest wymagane\",\"global_message\":\"To pole jest wymagane\",\"global\":true}},\"input_text\":{\"required\":{\"value\":true,\"message\":\"To pole jest wymagane\",\"global_message\":\"To pole jest wymagane\",\"global\":true}},\"description\":{\"required\":{\"value\":true,\"message\":\"To pole jest wymagane\",\"global_message\":\"To pole jest wymagane\",\"global\":true}},\"input_radio\":{\"required\":{\"value\":true,\"message\":\"To pole jest wymagane\",\"global_message\":\"To pole jest wymagane\",\"global\":false}},\"checkbox\":{\"required\":{\"value\":false,\"message\":\"To pole jest wymagane\",\"global_message\":\"To pole jest wymagane\",\"global\":true}},\"file-upload\":{\"required\":{\"value\":false,\"message\":\"To pole jest wymagane\",\"global_message\":\"To pole jest wymagane\",\"global\":true},\"max_file_size\":{\"value\":15728640,\"_valueFrom\":\"MB\",\"message\":\"Przesy\\u0142asz za du\\u017cy plik\",\"global_message\":\"Przesy\\u0142asz za du\\u017cy plik\",\"global\":true},\"max_file_count\":{\"value\":\"10\",\"message\":\"Przesy\\u0142asz za du\\u017co plik\\u00f3w. 10 max.\",\"global_message\":\"Przesy\\u0142asz za du\\u017co plik\\u00f3w. 10 max.\",\"global\":true},\"allowed_file_types\":{\"value\":[\"jpg|jpeg|gif|png|bmp\",\"avi|divx|flv|mov|ogv|mkv|mp4|m4v|divx|mpg|mpeg|mpe|video\\\/quicktime|qt\",\"doc|ppt|pps|xls|mdb|docx|xlsx|pptx|odt|odp|ods|odg|odc|odb|odf|rtf|txt\",\"pdf\"],\"message\":\"Przesy\\u0142asz niepoprawny format pliku\",\"global_message\":\"Przesy\\u0142asz niepoprawny format pliku\",\"global\":true}},\"datetime\":{\"required\":{\"value\":true,\"message\":\"Podanie terminu jest wymagane\",\"global_message\":\"To pole jest wymagane\",\"global\":false}}},\"debounce_time\":300};\n                    <\/script>\n        \t\t\t\t<\/div>\n\t\t\t\t<\/div>\n\t\t\t\t<\/div>\n\t\t\t\t\t<\/div>\n\t\t\t\t<\/div>\n\t\t<div class=\"elementor-element elementor-element-f2b7eac e-flex e-con-boxed e-con e-parent\" data-id=\"f2b7eac\" data-element_type=\"container\" data-settings=\"{&quot;background_background&quot;:&quot;gradient&quot;}\">\n\t\t\t\t\t<div class=\"e-con-inner\">\n\t\t<div class=\"elementor-element elementor-element-215e581 e-flex e-con-boxed e-con e-child\" data-id=\"215e581\" data-element_type=\"container\" data-settings=\"{&quot;background_background&quot;:&quot;classic&quot;}\">\n\t\t\t\t\t<div class=\"e-con-inner\">\n\t\t<div class=\"elementor-element elementor-element-8ab219a e-con-full e-flex e-con e-child\" data-id=\"8ab219a\" data-element_type=\"container\">\n\t\t\t\t<div class=\"elementor-element elementor-element-7f12e40 elementor-widget elementor-widget-heading\" data-id=\"7f12e40\" data-element_type=\"widget\" data-widget_type=\"heading.default\">\n\t\t\t\t\t<h3 class=\"elementor-heading-title elementor-size-default\">\u041f\u0456\u0434\u043f\u0438\u0448\u0456\u0442\u044c\u0441\u044f \u043d\u0430 \u0435\u043b\u0435\u043a\u0442\u0440\u043e\u043d\u043d\u0443 \u043f\u043e\u0448\u0442\u0443<\/h3>\t\t\t\t<\/div>\n\t\t\t\t<div class=\"elementor-element elementor-element-0d84640 elementor-widget elementor-widget-text-editor\" data-id=\"0d84640\" data-element_type=\"widget\" data-widget_type=\"text-editor.default\">\n\t\t\t\t\t\t\t\t\t<p>\u041c\u0438 \u043d\u0430\u0433\u0430\u0434\u0430\u0454\u043c\u043e \u0432\u0430\u043c, \u044f\u043a\u0449\u043e \u0432\u0430\u043c \u0437\u043d\u0430\u0434\u043e\u0431\u043b\u044f\u0442\u044c\u0441\u044f \u043d\u0430\u0448\u0456 \u043f\u043e\u0441\u043b\u0443\u0433\u0438<\/p>\t\t\t\t\t\t\t\t<\/div>\n\t\t\t\t<\/div>\n\t\t<div class=\"elementor-element elementor-element-578f3d1 e-con-full e-flex e-con e-child\" data-id=\"578f3d1\" data-element_type=\"container\" data-settings=\"{&quot;background_background&quot;:&quot;classic&quot;}\">\n\t\t\t\t<div class=\"elementor-element elementor-element-d048497 elementor-widget__width-inherit elementor-widget elementor-widget-shortcode\" data-id=\"d048497\" data-element_type=\"widget\" data-widget_type=\"shortcode.default\">\n\t\t\t\t\t\t\t<div class=\"elementor-shortcode\">\n\t<div class=\"ct-newsletter-subscribe-shortcode\">\n\t\t\n\t\t\n\t\t<form target=\"_blank\" action=\"#\" method=\"post\"\n\t\t\tdata-provider=\"demo:demolist\"\n\t\t\tclass=\"ct-newsletter-subscribe-form\" data-trp-original-action=\"#\"\n\t\t\t>\n\n\t\t\t<div\n\t\t\t\tclass=\"ct-newsletter-subscribe-form-elements\" data-columns=\"2\">\n\t\t\t\t\n\t\t\t\t<input type=\"email\" name=\"EMAIL\" placeholder=\"\u0412\u0430\u0448 \u0435\u043c\u0435\u0439\u043b *\" aria-label=\"Email address\" required>\n\n\t\t\t\t<button class=\"wp-element-button\">\n\t\t\t\t\t\u041f\u0456\u0434\u043f\u0438\u0441\u0430\u0442\u0438\u0441\u044f\t\t\t\t<\/button>\n\t\t\t<\/div>\n\n\t\t\t\n\t\t\t<div class=\"ct-newsletter-subscribe-message\"><\/div>\n\t\t<input type=\"hidden\" name=\"trp-form-language\" value=\"uk\"\/><\/form>\n\n\t<\/div>\n\n\t<\/div>\n\t\t\t\t\t\t<\/div>\n\t\t\t\t<\/div>\n\t\t\t\t\t<\/div>\n\t\t\t\t<\/div>\n\t\t\t\t\t<\/div>\n\t\t\t\t<\/div>\n\t\t\t\t<\/div>","protected":false},"excerpt":{"rendered":"<p>Wycenimy transport \/ przeprowadzk\u0119 Podaj jak najwi\u0119cej szczeg\u00f3\u0142\u00f3w by prawid\u0142owo wyceni\u0107 us\u0142ug\u0119 Subrkybuj sw\u00f3j mail Przypomnimy Ci o sobie je\u015bli b\u0119dziesz potrzebowa\u0107 naszych us\u0142ug<\/p>","protected":false},"author":1,"featured_media":0,"parent":0,"menu_order":0,"comment_status":"closed","ping_status":"closed","template":"","meta":{"_glsr_average":0,"_glsr_ranking":0,"_glsr_reviews":0,"footnotes":""},"class_list":["post-1513","page","type-page","status-publish","hentry"],"blocksy_meta":{"has_hero_section":"disabled","vertical_spacing_source":"custom","content_area_spacing":"none","styles_descriptor":{"styles":{"desktop":"","tablet":"","mobile":""},"google_fonts":[],"version":6}},"_links":{"self":[{"href":"https:\/\/panfortepian.pl\/uk\/wp-json\/wp\/v2\/pages\/1513","targetHints":{"allow":["GET"]}}],"collection":[{"href":"https:\/\/panfortepian.pl\/uk\/wp-json\/wp\/v2\/pages"}],"about":[{"href":"https:\/\/panfortepian.pl\/uk\/wp-json\/wp\/v2\/types\/page"}],"author":[{"embeddable":true,"href":"https:\/\/panfortepian.pl\/uk\/wp-json\/wp\/v2\/users\/1"}],"replies":[{"embeddable":true,"href":"https:\/\/panfortepian.pl\/uk\/wp-json\/wp\/v2\/comments?post=1513"}],"version-history":[{"count":3,"href":"https:\/\/panfortepian.pl\/uk\/wp-json\/wp\/v2\/pages\/1513\/revisions"}],"predecessor-version":[{"id":3938,"href":"https:\/\/panfortepian.pl\/uk\/wp-json\/wp\/v2\/pages\/1513\/revisions\/3938"}],"wp:attachment":[{"href":"https:\/\/panfortepian.pl\/uk\/wp-json\/wp\/v2\/media?parent=1513"}],"curies":[{"name":"wp","href":"https:\/\/api.w.org\/{rel}","templated":true}]}}