{"id":1038,"date":"2024-02-10T13:43:18","date_gmt":"2024-02-10T13:43:18","guid":{"rendered":"https:\/\/demo.creativethemes.com\/elementor\/smile-dent\/?page_id=1038"},"modified":"2026-02-19T18:08:13","modified_gmt":"2026-02-19T17:08:13","slug":"kontakt","status":"publish","type":"page","link":"https:\/\/panfortepian.pl\/uk\/%d0%ba%d0%be%d0%bd%d1%82%d0%b0%d0%ba%d1%82%d0%b8\/","title":{"rendered":"\u041a\u043e\u043d\u0442\u0430\u043a\u0442\u0438"},"content":{"rendered":"<div data-elementor-type=\"wp-page\" data-elementor-id=\"1038\" class=\"elementor elementor-1038\" data-elementor-post-type=\"page\">\n\t\t\t\t<div class=\"elementor-element elementor-element-5db5617 e-flex e-con-boxed e-con e-parent\" data-id=\"5db5617\" data-element_type=\"container\">\n\t\t\t\t\t<div class=\"e-con-inner\">\n\t\t<div class=\"elementor-element elementor-element-c1009d3 e-flex e-con-boxed e-con e-child\" data-id=\"c1009d3\" data-element_type=\"container\" data-settings=\"{&quot;background_background&quot;:&quot;classic&quot;}\">\n\t\t\t\t\t<div class=\"e-con-inner\">\n\t\t<div class=\"elementor-element elementor-element-b91f2be e-con-full e-flex e-con e-child\" data-id=\"b91f2be\" data-element_type=\"container\" data-settings=\"{&quot;background_background&quot;:&quot;classic&quot;}\">\n\t\t\t\t<div class=\"elementor-element elementor-element-4ef0963 elementor-view-default elementor-position-top elementor-mobile-position-top elementor-widget elementor-widget-icon-box\" data-id=\"4ef0963\" data-element_type=\"widget\" data-widget_type=\"icon-box.default\">\n\t\t\t\t\t\t\t<div class=\"elementor-icon-box-wrapper\">\n\n\t\t\t\t\t\t<div class=\"elementor-icon-box-icon\">\n\t\t\t\t<span  class=\"elementor-icon\">\n\t\t\t\t\t\t\t\t<\/span>\n\t\t\t<\/div>\n\t\t\t\n\t\t\t\t\t\t<div class=\"elementor-icon-box-content\">\n\n\t\t\t\t\t\t\t\t\t<h2 class=\"elementor-icon-box-title\">\n\t\t\t\t\t\t<span  >\n\t\t\t\t\t\t\t\u0414\u0437\u0432\u043e\u043d\u0456\u0442\u044c \u043d\u0430\u043c.\t\t\t\t\t\t<\/span>\n\t\t\t\t\t<\/h2>\n\t\t\t\t\n\t\t\t\t\t\t\t\t\t<p class=\"elementor-icon-box-description\">\n\t\t\t\t\t\t605-627-532\n\n\t\t\t\t\t<\/p>\n\t\t\t\t\n\t\t\t<\/div>\n\t\t\t\n\t\t<\/div>\n\t\t\t\t\t\t<\/div>\n\t\t\t\t<div class=\"elementor-element elementor-element-b1c6bb9 elementor-view-default elementor-position-top elementor-mobile-position-top elementor-widget elementor-widget-icon-box\" data-id=\"b1c6bb9\" data-element_type=\"widget\" data-widget_type=\"icon-box.default\">\n\t\t\t\t\t\t\t<div class=\"elementor-icon-box-wrapper\">\n\n\t\t\t\t\t\t<div class=\"elementor-icon-box-icon\">\n\t\t\t\t<span  class=\"elementor-icon\">\n\t\t\t\t\t\t\t\t<\/span>\n\t\t\t<\/div>\n\t\t\t\n\t\t\t\t\t\t<div class=\"elementor-icon-box-content\">\n\n\t\t\t\t\t\t\t\t\t<h2 class=\"elementor-icon-box-title\">\n\t\t\t\t\t\t<span  >\n\t\t\t\t\t\t\t\u041d\u0430\u0434\u0456\u0448\u043b\u0456\u0442\u044c \u043d\u0430\u043c \u0435\u043b\u0435\u043a\u0442\u0440\u043e\u043d\u043d\u043e\u0433\u043e \u043b\u0438\u0441\u0442\u0430\t\t\t\t\t\t<\/span>\n\t\t\t\t\t<\/h2>\n\t\t\t\t\n\t\t\t\t\t\t\t\t\t<p class=\"elementor-icon-box-description\">\n\t\t\t\t\t\tpm@panfortepian.pl\n\n\t\t\t\t\t<\/p>\n\t\t\t\t\n\t\t\t<\/div>\n\t\t\t\n\t\t<\/div>\n\t\t\t\t\t\t<\/div>\n\t\t\t\t<div class=\"elementor-element elementor-element-8398ff2 elementor-view-default elementor-position-top elementor-mobile-position-top elementor-widget elementor-widget-icon-box\" data-id=\"8398ff2\" data-element_type=\"widget\" data-widget_type=\"icon-box.default\">\n\t\t\t\t\t\t\t<div class=\"elementor-icon-box-wrapper\">\n\n\t\t\t\t\t\t<div class=\"elementor-icon-box-icon\">\n\t\t\t\t<span  class=\"elementor-icon\">\n\t\t\t\t\t\t\t\t<\/span>\n\t\t\t<\/div>\n\t\t\t\n\t\t\t\t\t\t<div class=\"elementor-icon-box-content\">\n\n\t\t\t\t\t\t\t\t\t<h3 class=\"elementor-icon-box-title\">\n\t\t\t\t\t\t<span  >\n\t\t\t\t\t\t\t\u0414\u0435 \u043c\u0438 \u043f\u0440\u0430\u0446\u044e\u0454\u043c\u043e\t\t\t\t\t\t<\/span>\n\t\t\t\t\t<\/h3>\n\t\t\t\t\n\t\t\t\t\t\t\t\t\t<p class=\"elementor-icon-box-description\">\n\t\t\t\t\t\t\u0412\u0440\u043e\u0446\u043b\u0430\u0432 \u0442\u0430 \u043e\u043a\u043e\u043b\u0438\u0446\u0456, \u0422\u0448\u0435\u0431\u043d\u0438\u0446\u044f, \u041e\u043b\u0430\u0432\u0430, \u0411\u0436\u0435\u0433, \u0421\u0442\u0448\u0435\u043b\u0456\u043d, \u041e\u0431\u043e\u0440\u043d\u0456\u043a\u0438 \u0428\u043b\u044c\u043e\u043d\u0441\u044c\u043a\u0456, \u041e\u043b\u0435\u0441\u043d\u0438\u0446\u044f, \u0412\u043e\u043b\u0456\u0432, \u0414\u043b\u0443\u0433\u043e\u043b\u0435\u043d\u043a\u0430, \u0421\u0454\u0447\u043d\u0456\u0446\u0435, \u0432\u0441\u044f \u041f\u043e\u043b\u044c\u0449\u0430\t\t\t\t\t<\/p>\n\t\t\t\t\n\t\t\t<\/div>\n\t\t\t\n\t\t<\/div>\n\t\t\t\t\t\t<\/div>\n\t\t\t\t<div class=\"elementor-element elementor-element-cd23dda elementor-view-default elementor-position-top elementor-mobile-position-top elementor-widget elementor-widget-icon-box\" data-id=\"cd23dda\" data-element_type=\"widget\" data-widget_type=\"icon-box.default\">\n\t\t\t\t\t\t\t<div class=\"elementor-icon-box-wrapper\">\n\n\t\t\t\t\t\t<div class=\"elementor-icon-box-icon\">\n\t\t\t\t<a href=\"https:\/\/panfortepian.pl\/uk\/%d0%be%d1%86%d1%96%d0%bd%d0%ba%d0%b0\/\" class=\"elementor-icon\" tabindex=\"-1\" aria-label=\"\u0412\u0438 \u043d\u0430\u043b\u0430\u0448\u0442\u043e\u0432\u0430\u043d\u0456 \u0440\u0456\u0448\u0443\u0447\u0435 - \u0443 \u0432\u0430\u0441 \u0454 \u0437\u0430\u0432\u0434\u0430\u043d\u043d\u044f \u0434\u043b\u044f \u043d\u0430\u0441?\">\n\t\t\t\t\t\t\t\t<\/a>\n\t\t\t<\/div>\n\t\t\t\n\t\t\t\t\t\t<div class=\"elementor-icon-box-content\">\n\n\t\t\t\t\t\t\t\t\t<h3 class=\"elementor-icon-box-title\">\n\t\t\t\t\t\t<a href=\"https:\/\/panfortepian.pl\/uk\/%d0%be%d1%86%d1%96%d0%bd%d0%ba%d0%b0\/\" >\n\t\t\t\t\t\t\t\u0412\u0438 \u043d\u0430\u043b\u0430\u0448\u0442\u043e\u0432\u0430\u043d\u0456 \u0440\u0456\u0448\u0443\u0447\u0435 - \u0443 \u0432\u0430\u0441 \u0454 \u0437\u0430\u0432\u0434\u0430\u043d\u043d\u044f \u0434\u043b\u044f \u043d\u0430\u0441?\t\t\t\t\t\t<\/a>\n\t\t\t\t\t<\/h3>\n\t\t\t\t\n\t\t\t\t\t\t\t\t\t<p class=\"elementor-icon-box-description\">\n\t\t\t\t\t\t\u0412\u0438 \u043f\u0440\u0438\u0432'\u044f\u0437\u0430\u043d\u0456 \u0434\u043e \u043a\u043e\u043d\u043a\u0440\u0435\u0442\u043d\u043e\u0457 \u0434\u0430\u0442\u0438 \u0442\u0430 \u043f\u043e\u0441\u043b\u0443\u0433\u0438?<br>\n\u0417\u0430\u043f\u043e\u0432\u043d\u0456\u0442\u044c \n<a href=\"\/uk\/%d0%be%d1%86%d1%96%d0%bd%d0%ba%d0%b0\/\">\u0431\u0435\u0437\u043a\u043e\u0448\u0442\u043e\u0432\u043d\u0443 \u0444\u043e\u0440\u043c\u0443 \u043e\u0446\u0456\u043d\u043a\u0438.<\/a>\n\n\t\t\t\t\t<\/p>\n\t\t\t\t\n\t\t\t<\/div>\n\t\t\t\n\t\t<\/div>\n\t\t\t\t\t\t<\/div>\n\t\t\t\t<\/div>\n\t\t<div class=\"elementor-element elementor-element-27b8dce e-con-full e-flex e-con e-child\" data-id=\"27b8dce\" data-element_type=\"container\">\n\t\t\t\t<div class=\"elementor-element elementor-element-e55f295 elementor-widget elementor-widget-heading\" data-id=\"e55f295\" data-element_type=\"widget\" data-widget_type=\"heading.default\">\n\t\t\t\t\t<h1 class=\"elementor-heading-title elementor-size-default\">\u041d\u0430\u043f\u0438\u0448\u0456\u0442\u044c \u043d\u0430\u043c<\/h1>\t\t\t\t<\/div>\n\t\t\t\t<div class=\"elementor-element elementor-element-3d8e80c elementor-widget elementor-widget-text-editor\" data-id=\"3d8e80c\" data-element_type=\"widget\" data-widget_type=\"text-editor.default\">\n\t\t\t\t\t\t\t\t\t<p>\u041c\u0430\u0454\u0442\u0435 \u0437\u0430\u043f\u0438\u0442\u0430\u043d\u043d\u044f? \u041f\u043e\u0442\u0440\u0456\u0431\u043d\u0430 \u0456\u043d\u0444\u043e\u0440\u043c\u0430\u0446\u0456\u044f? \u0412\u0430\u043c \u043f\u043e\u0442\u0440\u0456\u0431\u0435\u043d \u043f\u0435\u0440\u0435\u0457\u0437\u0434, \u043f\u0435\u0440\u0435\u0432\u0435\u0437\u0435\u043d\u043d\u044f \u043c\u0435\u0431\u043b\u0456\u0432 \u0430\u0431\u043e \u0431\u0443\u0434\u044c-\u044f\u043a\u0438\u0439 \u0456\u043d\u0448\u0438\u0439 \u0432\u0438\u0434 \u043f\u043e\u0441\u043b\u0443\u0433?\u00a0<\/p><p><span style=\"font-size: inherit; text-align: inherit; background-color: var( --e-global-color-blocksy_palette_7 ); color: var(--theme-text-color); font-family: var(--theme-font-family); font-style: var(--theme-font-style, inherit); font-weight: var(--theme-font-weight); letter-spacing: var(--theme-letter-spacing); text-transform: var(--theme-text-transform);\">\u0417\u0430\u043f\u043e\u0432\u043d\u0456\u0442\u044c \u0444\u043e\u0440\u043c\u0443, \u0456 \u043c\u0438 \u0437\u0432'\u044f\u0436\u0435\u043c\u043e\u0441\u044f \u0437 \u0432\u0430\u043c\u0438 \u043d\u0430\u0439\u0431\u043b\u0438\u0436\u0447\u0438\u043c \u0447\u0430\u0441\u043e\u043c. \u0412\u0438 \u0442\u0430\u043a\u043e\u0436 \u043c\u043e\u0436\u0435\u0442\u0435 \u0437\u0430\u0442\u0435\u043b\u0435\u0444\u043e\u043d\u0443\u0432\u0430\u0442\u0438 \u0430\u0431\u043e \u043d\u0430\u043f\u0438\u0441\u0430\u0442\u0438 \u043d\u0430\u043c. \u0412\u0441\u0456 \u043a\u043e\u043d\u0442\u0430\u043a\u0442\u043d\u0456 \u0434\u0430\u043d\u0456 \u0432\u043a\u0430\u0437\u0430\u043d\u0456 \u043d\u0430 \u0446\u0456\u0439 \u0441\u0442\u043e\u0440\u0456\u043d\u0446\u0456.<\/span><\/p>\t\t\t\t\t\t\t\t<\/div>\n\t\t\t\t<div class=\"elementor-element elementor-element-4ed928c elementor-widget-mobile__width-inherit elementor-widget elementor-widget-wp-widget-fluentform_widget\" data-id=\"4ed928c\" data-element_type=\"widget\" data-widget_type=\"wp-widget-fluentform_widget.default\">\n\t\t\t\t<div class=\"elementor-widget-container\">\n\t\t\t\t\t<div class='fluentform ff-default fluentform_wrapper_2 ffs_default_wrap'><form data-form_id=\"2\" id=\"fluentform_2\" class=\"frm-fluent-form fluent_form_2 ff-el-form-top ff_form_instance_2_1 ff-form-loading ffs_default\" data-form_instance=\"ff_form_instance_2_1\" method=\"POST\" action=\"\" ><fieldset  style=\"border: none!important;margin: 0!important;padding: 0!important;background-color: transparent!important;box-shadow: none!important;outline: none!important; min-inline-size: 100%;\">\n                    <legend class=\"ff_screen_reader_title\" style=\"display: block; margin: 0!important;padding: 0!important;height: 0!important;text-indent: -999999px;width: 0!important;overflow:hidden;\">\u041f\u0440\u043e\u0441\u0442\u0430 \u043a\u043e\u043d\u0442\u0430\u043a\u0442\u043d\u0430 \u0444\u043e\u0440\u043c\u0430<\/legend><input type='hidden' name='__fluent_form_embded_post_id' value='1038' \/><input type=\"hidden\" id=\"_fluentform_2_fluentformnonce\" name=\"_fluentform_2_fluentformnonce\" value=\"388a2afd83\" \/><input type=\"hidden\" name=\"_wp_http_referer\" value=\"\/uk\/wp-json\/wp\/v2\/pages\/1038\" \/><div data-name=\"ff_cn_id_1\"  class='ff-t-container ff-column-container ff_columns_total_2'><div class='ff-t-cell ff-t-column-1' style='flex-basis: 50%;'><div data-type=\"name-element\" data-name=\"names\" class=\"ff-field_container ff-name-field-wrapper\" ><div class='ff-t-container'><div class='ff-t-cell'><div class='ff-el-group'><div class=\"ff-el-input--label ff-el-is-required asterisk-right\"><label for='ff_2_names_first_name_' >\u0412\u0430\u0448\u0435 \u0456\u043c'\u044f?<\/label><\/div><div class='ff-el-input--content'><input type=\"text\" name=\"names[first_name]\" id=\"ff_2_names_first_name_\" class=\"ff-el-form-control\" aria-invalid=\"false\" aria-required=\"true\"><\/div><\/div><\/div><\/div><\/div><\/div><div class='ff-t-cell ff-t-column-2' style='flex-basis: 50%;'><\/div><\/div><div data-name=\"ff_cn_id_2\"  class='ff-t-container ff-column-container ff_columns_total_2'><div class='ff-t-cell ff-t-column-1' style='flex-basis: 50%;'><div class='ff-el-group'><div class=\"ff-el-input--label ff-el-is-required asterisk-right\"><label for='ff_2_email' aria-label=\"\u0412\u0430\u0448\u0430 \u0435\u043b\u0435\u043a\u0442\u0440\u043e\u043d\u043d\u0430 \u043f\u043e\u0448\u0442\u0430\">\u0412\u0430\u0448\u0430 \u0435\u043b\u0435\u043a\u0442\u0440\u043e\u043d\u043d\u0430 \u043f\u043e\u0448\u0442\u0430<\/label><\/div><div class='ff-el-input--content'><input type=\"email\" name=\"email\" id=\"ff_2_email\" class=\"ff-el-form-control\" placeholder=\"tw\u00f3jmail@gmail.com\" data-name=\"email\"  aria-invalid=\"false\" aria-required=\"true\"><\/div><\/div><\/div><div class='ff-t-cell ff-t-column-2' style='flex-basis: 50%;'><div class='ff-el-group'><div class=\"ff-el-input--label ff-el-is-required asterisk-right\"><label for='ff_2_input_text' aria-label=\"\u0412\u0430\u0448 \u043d\u043e\u043c\u0435\u0440 \u0442\u0435\u043b\u0435\u0444\u043e\u043d\u0443\">\u0412\u0430\u0448 \u043d\u043e\u043c\u0435\u0440 \u0442\u0435\u043b\u0435\u0444\u043e\u043d\u0443<\/label><\/div><div class='ff-el-input--content'><input type=\"text\" name=\"input_text\" class=\"ff-el-form-control\" placeholder=\"555 666 777\" data-name=\"input_text\" id=\"ff_2_input_text\"  aria-invalid=\"false\" aria-required=\"true\"><\/div><\/div><\/div><\/div><div class='ff-el-group'><div class=\"ff-el-input--label ff-el-is-required asterisk-right\"><label for='ff_2_message' aria-label=\"\u0412\u0430\u0448\u0435 \u043f\u043e\u0432\u0456\u0434\u043e\u043c\u043b\u0435\u043d\u043d\u044f\">\u0412\u0430\u0448\u0435 \u043f\u043e\u0432\u0456\u0434\u043e\u043c\u043b\u0435\u043d\u043d\u044f<\/label><\/div><div class='ff-el-input--content'><textarea aria-invalid=\"false\" aria-required=\"true\" name=\"message\" id=\"ff_2_message\" class=\"ff-el-form-control\" placeholder=\"\u042f \u0445\u043e\u0442\u0456\u0432 \u0431\u0438 \u0437\u0430\u043f\u0438\u0442\u0430\u0442\u0438 \u043f\u0440\u043e \u0446\u0435.\" rows=\"4\" cols=\"2\" data-name=\"message\" ><\/textarea><\/div><\/div><div class='ff-el-group ff-text-left ff_submit_btn_wrapper'><button type=\"submit\" class=\"ff-btn ff-btn-submit ff-btn-md ff_btn_style\" >\u041d\u0430\u0434\u0456\u0441\u043b\u0430\u0442\u0438 \u043f\u043e\u0432\u0456\u0434\u043e\u043c\u043b\u0435\u043d\u043d\u044f<\/button><\/div><\/fieldset><input type=\"hidden\" name=\"trp-form-language\" value=\"uk\"\/><\/form><div id='fluentform_2_errors' class='ff-errors-in-stack ff_form_instance_2_1 ff-form-loading_errors ff_form_instance_2_1_errors'><\/div><\/div>        <script type=\"text\/javascript\">\n            window.fluent_form_ff_form_instance_2_1 = {\"id\":\"2\",\"settings\":{\"layout\":{\"labelPlacement\":\"top\",\"helpMessagePlacement\":\"with_label\",\"errorMessagePlacement\":\"inline\",\"cssClassName\":\"\",\"asteriskPlacement\":\"asterisk-right\"},\"restrictions\":{\"denyEmptySubmission\":{\"enabled\":false}}},\"form_instance\":\"ff_form_instance_2_1\",\"form_id_selector\":\"fluentform_2\",\"rules\":{\"names[first_name]\":{\"required\":{\"value\":true,\"message\":\"This field is required\",\"global\":false,\"global_message\":\"To pole jest wymagane\"}},\"names[middle_name]\":{\"required\":{\"value\":false,\"message\":\"This field is required\",\"global\":false,\"global_message\":\"To pole jest wymagane\"}},\"names[last_name]\":{\"required\":{\"value\":false,\"message\":\"This field is required\",\"global\":false,\"global_message\":\"To pole jest wymagane\"}},\"email\":{\"required\":{\"value\":true,\"message\":\"To pole jest wymagane\",\"global_message\":\"To pole jest wymagane\",\"global\":true},\"email\":{\"value\":true,\"message\":\"Prosz\\u0119 poda\\u0107 email\",\"global_message\":\"Prosz\\u0119 poda\\u0107 email\",\"global\":true}},\"input_text\":{\"required\":{\"value\":true,\"message\":\"To pole jest wymagane\",\"global_message\":\"To pole jest wymagane\",\"global\":true}},\"message\":{\"required\":{\"value\":true,\"message\":\"This field is required\",\"global\":false,\"global_message\":\"To pole jest wymagane\"}}},\"debounce_time\":300};\n                    <\/script>\n        \t\t\t\t<\/div>\n\t\t\t\t<\/div>\n\t\t\t\t<\/div>\n\t\t\t\t\t<\/div>\n\t\t\t\t<\/div>\n\t\t\t\t\t<\/div>\n\t\t\t\t<\/div>\n\t\t<div class=\"elementor-element elementor-element-b96c4cb e-flex e-con-boxed e-con e-parent\" data-id=\"b96c4cb\" data-element_type=\"container\">\n\t\t\t\t\t<div class=\"e-con-inner\">\n\t\t<div class=\"elementor-element elementor-element-2392d8b e-con-full e-flex e-con e-child\" data-id=\"2392d8b\" data-element_type=\"container\">\n\t\t\t\t<div class=\"elementor-element elementor-element-f11461a elementor-widget elementor-widget-google_maps\" data-id=\"f11461a\" data-element_type=\"widget\" data-widget_type=\"google_maps.default\">\n\t\t\t\t\t\t\t<div class=\"elementor-custom-embed\">\n\t\t\t<iframe loading=\"lazy\"\n\t\t\t\t\tsrc=\"https:\/\/maps.google.com\/maps?q=Wroc%C5%82aw&#038;t=m&#038;z=10&#038;output=embed&#038;iwloc=near\"\n\t\t\t\t\ttitle=\"\u0412\u0440\u043e\u0446\u043b\u0430\u0432\"\n\t\t\t\t\taria-label=\"\u0412\u0440\u043e\u0446\u043b\u0430\u0432\"\n\t\t\t><\/iframe>\n\t\t<\/div>\n\t\t\t\t\t\t<\/div>\n\t\t\t\t<\/div>\n\t\t\t\t\t<\/div>\n\t\t\t\t<\/div>\n\t\t<div class=\"elementor-element elementor-element-32ef58ae e-flex e-con-boxed e-con e-parent\" data-id=\"32ef58ae\" data-element_type=\"container\">\n\t\t\t\t\t<div class=\"e-con-inner\">\n\t\t\t\t<div class=\"elementor-element elementor-element-6bf64af0 elementor-widget elementor-widget-heading\" data-id=\"6bf64af0\" data-element_type=\"widget\" data-widget_type=\"heading.default\">\n\t\t\t\t\t<h2 class=\"elementor-heading-title elementor-size-default\">\u041f\u043e\u0442\u0440\u0456\u0431\u043d\u0430 \u0446\u0456\u043d\u0430?<\/h2>\t\t\t\t<\/div>\n\t\t\t\t<div class=\"elementor-element elementor-element-395b3742 elementor-widget__width-initial elementor-widget elementor-widget-text-editor\" data-id=\"395b3742\" data-element_type=\"widget\" data-widget_type=\"text-editor.default\">\n\t\t\t\t\t\t\t\t\t<p>\u041d\u0430\u0434\u0430\u0439\u0442\u0435 \u043d\u0430\u043c \u0432\u0456\u0434\u043f\u043e\u0432\u0456\u0434\u043d\u0443 \u0456\u043d\u0444\u043e\u0440\u043c\u0430\u0446\u0456\u044e, \u0456 \u043c\u0438 \u0448\u0432\u0438\u0434\u043a\u043e \u043f\u0440\u043e\u0440\u0430\u0445\u0443\u0454\u043c\u043e \u0432\u0430\u0440\u0442\u0456\u0441\u0442\u044c \u0432\u0430\u0448\u043e\u0433\u043e \u0437\u0430\u043c\u043e\u0432\u043b\u0435\u043d\u043d\u044f. \u041f\u0435\u0440\u0435\u0439\u0434\u0456\u0442\u044c \u0434\u043e \u0434\u0435\u0442\u0430\u043b\u044c\u043d\u043e\u0457 \u0444\u043e\u0440\u043c\u0438 \u0437\u0430\u043f\u0438\u0442\u0443 \u0446\u0456\u043d\u043e\u0432\u043e\u0457 \u043f\u0440\u043e\u043f\u043e\u0437\u0438\u0446\u0456\u0457.\u00a0<\/p>\t\t\t\t\t\t\t\t<\/div>\n\t\t\t\t\t<\/div>\n\t\t\t\t<\/div>\n\t\t<div class=\"elementor-element elementor-element-a9347c2 e-flex e-con-boxed e-con e-parent\" data-id=\"a9347c2\" data-element_type=\"container\">\n\t\t\t\t\t<div class=\"e-con-inner\">\n\t\t\t\t<div class=\"elementor-element elementor-element-69a010c5 elementor-widget elementor-widget-button\" data-id=\"69a010c5\" data-element_type=\"widget\" data-widget_type=\"button.default\">\n\t\t\t\t\t\t\t\t\t\t<a class=\"elementor-button elementor-button-link elementor-size-sm\" href=\"\/uk\/%d0%be%d1%86%d1%96%d0%bd%d0%ba%d0%b0\/\">\n\t\t\t\t\t\t<span class=\"elementor-button-content-wrapper\">\n\t\t\t\t\t\t\t\t\t<span class=\"elementor-button-text\">\u0417\u0430\u043c\u043e\u0432\u0438\u0442\u0438 \u043f\u0440\u043e\u043f\u043e\u0437\u0438\u0446\u0456\u044e<\/span>\n\t\t\t\t\t<\/span>\n\t\t\t\t\t<\/a>\n\t\t\t\t\t\t\t\t<\/div>\n\t\t\t\t\t<\/div>\n\t\t\t\t<\/div>\n\t\t<div class=\"elementor-element elementor-element-f2b7eac e-flex e-con-boxed e-con e-parent\" data-id=\"f2b7eac\" data-element_type=\"container\" data-settings=\"{&quot;background_background&quot;:&quot;gradient&quot;}\">\n\t\t\t\t\t<div class=\"e-con-inner\">\n\t\t<div class=\"elementor-element elementor-element-215e581 e-flex e-con-boxed e-con e-child\" data-id=\"215e581\" data-element_type=\"container\" data-settings=\"{&quot;background_background&quot;:&quot;classic&quot;}\">\n\t\t\t\t\t<div class=\"e-con-inner\">\n\t\t<div class=\"elementor-element elementor-element-8ab219a e-con-full e-flex e-con e-child\" data-id=\"8ab219a\" data-element_type=\"container\">\n\t\t\t\t<div class=\"elementor-element elementor-element-7f12e40 elementor-widget elementor-widget-heading\" data-id=\"7f12e40\" data-element_type=\"widget\" data-widget_type=\"heading.default\">\n\t\t\t\t\t<h3 class=\"elementor-heading-title elementor-size-default\">\u041f\u0456\u0434\u043f\u0438\u0448\u0456\u0442\u044c\u0441\u044f \u043d\u0430 \u0435\u043b\u0435\u043a\u0442\u0440\u043e\u043d\u043d\u0443 \u043f\u043e\u0448\u0442\u0443<\/h3>\t\t\t\t<\/div>\n\t\t\t\t<div class=\"elementor-element elementor-element-0d84640 elementor-widget elementor-widget-text-editor\" data-id=\"0d84640\" data-element_type=\"widget\" data-widget_type=\"text-editor.default\">\n\t\t\t\t\t\t\t\t\t<p>\u041c\u0438 \u043d\u0430\u0433\u0430\u0434\u0430\u0454\u043c\u043e \u0432\u0430\u043c, \u044f\u043a\u0449\u043e \u0432\u0430\u043c \u0437\u043d\u0430\u0434\u043e\u0431\u043b\u044f\u0442\u044c\u0441\u044f \u043d\u0430\u0448\u0456 \u043f\u043e\u0441\u043b\u0443\u0433\u0438<\/p>\t\t\t\t\t\t\t\t<\/div>\n\t\t\t\t<\/div>\n\t\t<div class=\"elementor-element elementor-element-578f3d1 e-con-full e-flex e-con e-child\" data-id=\"578f3d1\" data-element_type=\"container\" data-settings=\"{&quot;background_background&quot;:&quot;classic&quot;}\">\n\t\t\t\t<div class=\"elementor-element elementor-element-d048497 elementor-widget__width-inherit elementor-widget elementor-widget-shortcode\" data-id=\"d048497\" data-element_type=\"widget\" data-widget_type=\"shortcode.default\">\n\t\t\t\t\t\t\t<div class=\"elementor-shortcode\">\n\t<div class=\"ct-newsletter-subscribe-shortcode\">\n\t\t\n\t\t\n\t\t<form target=\"_blank\" action=\"#\" method=\"post\"\n\t\t\tdata-provider=\"demo:demolist\"\n\t\t\tclass=\"ct-newsletter-subscribe-form\" data-trp-original-action=\"#\"\n\t\t\t>\n\n\t\t\t<div\n\t\t\t\tclass=\"ct-newsletter-subscribe-form-elements\" data-columns=\"2\">\n\t\t\t\t\n\t\t\t\t<input type=\"email\" name=\"EMAIL\" placeholder=\"\u0412\u0430\u0448 \u0435\u043c\u0435\u0439\u043b *\" aria-label=\"Email address\" required>\n\n\t\t\t\t<button class=\"wp-element-button\">\n\t\t\t\t\t\u041f\u0456\u0434\u043f\u0438\u0441\u0430\u0442\u0438\u0441\u044f\t\t\t\t<\/button>\n\t\t\t<\/div>\n\n\t\t\t\n\t\t\t<div class=\"ct-newsletter-subscribe-message\"><\/div>\n\t\t<input type=\"hidden\" name=\"trp-form-language\" value=\"uk\"\/><\/form>\n\n\t<\/div>\n\n\t<\/div>\n\t\t\t\t\t\t<\/div>\n\t\t\t\t<\/div>\n\t\t\t\t\t<\/div>\n\t\t\t\t<\/div>\n\t\t\t\t\t<\/div>\n\t\t\t\t<\/div>\n\t\t\t\t<\/div>","protected":false},"excerpt":{"rendered":"<p>Zadzwo\u0144 do nas 605-627-532 Wy\u015blij nam maila pm@panfortepian.pl Gdzie dzia\u0142amy Wroc\u0142aw i okolice, Trzebnica, O\u0142awa, Brzeg, Strzelin, Oborniki \u015al\u0105skie, Ole\u015bnica, Wo\u0142\u00f3w, D\u0142ugo\u0142\u0119ka, Siechnice, Ca\u0142a Polska Jeste\u015b zdecydowany &#8211; masz dla nas zlecenie? Jeste\u015b zdecydowany na dany termin i us\u0142ug\u0119? Wype\u0142nij darmowy formularz wyceny. Napisz do nas wiadomo\u015b\u0107 Masz pytania? Potrzebujesz informacji? Potrzebujesz przeprowadzki, transportu mebli [&hellip;]<\/p>","protected":false},"author":1,"featured_media":0,"parent":0,"menu_order":0,"comment_status":"closed","ping_status":"closed","template":"","meta":{"_glsr_average":0,"_glsr_ranking":0,"_glsr_reviews":0,"footnotes":""},"class_list":["post-1038","page","type-page","status-publish","hentry"],"blocksy_meta":{"has_hero_section":"disabled","vertical_spacing_source":"custom","content_area_spacing":"none","styles_descriptor":{"styles":{"desktop":"","tablet":"","mobile":""},"google_fonts":[],"version":6}},"_links":{"self":[{"href":"https:\/\/panfortepian.pl\/uk\/wp-json\/wp\/v2\/pages\/1038","targetHints":{"allow":["GET"]}}],"collection":[{"href":"https:\/\/panfortepian.pl\/uk\/wp-json\/wp\/v2\/pages"}],"about":[{"href":"https:\/\/panfortepian.pl\/uk\/wp-json\/wp\/v2\/types\/page"}],"author":[{"embeddable":true,"href":"https:\/\/panfortepian.pl\/uk\/wp-json\/wp\/v2\/users\/1"}],"replies":[{"embeddable":true,"href":"https:\/\/panfortepian.pl\/uk\/wp-json\/wp\/v2\/comments?post=1038"}],"version-history":[{"count":6,"href":"https:\/\/panfortepian.pl\/uk\/wp-json\/wp\/v2\/pages\/1038\/revisions"}],"predecessor-version":[{"id":5043,"href":"https:\/\/panfortepian.pl\/uk\/wp-json\/wp\/v2\/pages\/1038\/revisions\/5043"}],"wp:attachment":[{"href":"https:\/\/panfortepian.pl\/uk\/wp-json\/wp\/v2\/media?parent=1038"}],"curies":[{"name":"wp","href":"https:\/\/api.w.org\/{rel}","templated":true}]}}