{"id":4990,"date":"2025-12-11T22:38:48","date_gmt":"2025-12-11T21:38:48","guid":{"rendered":"https:\/\/panfortepian.pl\/?page_id=4990"},"modified":"2025-12-11T22:40:01","modified_gmt":"2025-12-11T21:40:01","slug":"sprzet-do-przeprowadzek","status":"publish","type":"page","link":"https:\/\/panfortepian.pl\/en\/removal-equipment\/","title":{"rendered":"Moving equipment"},"content":{"rendered":"<div data-elementor-type=\"wp-page\" data-elementor-id=\"4990\" class=\"elementor elementor-4990\" data-elementor-post-type=\"page\">\n\t\t\t\t<div class=\"elementor-element elementor-element-77d2f35 e-flex e-con-boxed e-con e-parent\" data-id=\"77d2f35\" data-element_type=\"container\">\n\t\t\t\t\t<div class=\"e-con-inner\">\n\t\t\t\t<div class=\"elementor-element elementor-element-3b7f345 elementor-widget__width-initial elementor-widget elementor-widget-text-editor\" data-id=\"3b7f345\" data-element_type=\"widget\" data-widget_type=\"text-editor.default\">\n\t\t\t\t\t\t\t\t\t<p>Learn about the technical background of our services. Carts, belts, hydraulic elevator and specialized protective materials - a guarantee of a safe move.<\/p><p data-path-to-node=\"10\">Moving is not just moving boxes. It's an organized logistical operation in which precision equipment plays a key role. Using professional tools is our commitment to protecting your possessions - from delicate electronics to valuable antiques to the heaviest furniture and appliances.<\/p><p data-path-to-node=\"11\">We ensure that every move, regardless of its scale, is carried out with equipment that minimizes the risk of damage, while maximizing the speed and efficiency of the work.<\/p>\t\t\t\t\t\t\t\t<\/div>\n\t\t\t\t<div class=\"elementor-element elementor-element-10c1c0f elementor-widget-divider--separator-type-pattern elementor-widget-divider--view-line elementor-widget elementor-widget-divider\" data-id=\"10c1c0f\" data-element_type=\"widget\" data-widget_type=\"divider.default\">\n\t\t\t\t\t\t\t<div class=\"elementor-divider\" style=\"--divider-pattern-url: url(&quot;data:image\/svg+xml,%3Csvg xmlns=&#039;http:\/\/www.w3.org\/2000\/svg&#039; preserveAspectRatio=&#039;none&#039; overflow=&#039;visible&#039; height=&#039;100%&#039; viewBox=&#039;0 0 20 16&#039; fill=&#039;none&#039; stroke=&#039;black&#039; stroke-width=&#039;1&#039; stroke-linecap=&#039;square&#039; stroke-miterlimit=&#039;10&#039;%3E%3Cg transform=&#039;translate(-12.000000, 0)&#039;%3E%3Cpath d=&#039;M28,0L10,18&#039;\/%3E%3Cpath d=&#039;M18,0L0,18&#039;\/%3E%3Cpath d=&#039;M48,0L30,18&#039;\/%3E%3Cpath d=&#039;M38,0L20,18&#039;\/%3E%3C\/g%3E%3C\/svg%3E&quot;);\">\n\t\t\t<span class=\"elementor-divider-separator\">\n\t\t\t\t\t\t<\/span>\n\t\t<\/div>\n\t\t\t\t\t\t<\/div>\n\t\t\t\t\t<\/div>\n\t\t\t\t<\/div>\n\t\t<div class=\"elementor-element elementor-element-d532686 e-flex e-con-boxed e-con e-parent\" data-id=\"d532686\" data-element_type=\"container\">\n\t\t\t\t\t<div class=\"e-con-inner\">\n\t\t\t\t<div class=\"elementor-element elementor-element-fc9dfc1 elementor-grid-3 elementor-grid-tablet-2 elementor-grid-mobile-1 elementor-posts--thumbnail-top elementor-widget elementor-widget-posts\" data-id=\"fc9dfc1\" data-element_type=\"widget\" data-settings=\"{&quot;pagination_type&quot;:&quot;numbers&quot;,&quot;classic_columns&quot;:&quot;3&quot;,&quot;classic_columns_tablet&quot;:&quot;2&quot;,&quot;classic_columns_mobile&quot;:&quot;1&quot;,&quot;classic_row_gap&quot;:{&quot;unit&quot;:&quot;px&quot;,&quot;size&quot;:35,&quot;sizes&quot;:[]},&quot;classic_row_gap_tablet&quot;:{&quot;unit&quot;:&quot;px&quot;,&quot;size&quot;:&quot;&quot;,&quot;sizes&quot;:[]},&quot;classic_row_gap_mobile&quot;:{&quot;unit&quot;:&quot;px&quot;,&quot;size&quot;:&quot;&quot;,&quot;sizes&quot;:[]}}\" data-widget_type=\"posts.classic\">\n\t\t\t\t<div class=\"elementor-widget-container\">\n\t\t\t\t\t\t\t<div class=\"elementor-posts-container elementor-posts elementor-posts--skin-classic elementor-grid\" role=\"list\">\n\t\t\t\t<article class=\"elementor-post elementor-grid-item post-5104 do-przeprowadek type-do-przeprowadek status-publish has-post-thumbnail hentry\" role=\"listitem\">\n\t\t\t\t<a class=\"elementor-post__thumbnail__link\" href=\"https:\/\/panfortepian.pl\/en\/for-transits\/transport-blanket-hero-of-safe-relocation\/\" tabindex=\"-1\" >\n\t\t\t<div class=\"elementor-post__thumbnail\"><img fetchpriority=\"high\" decoding=\"async\" width=\"792\" height=\"1024\" src=\"https:\/\/panfortepian.pl\/wp-content\/uploads\/2026\/03\/gruby-koc-przeprowadzkowy-792x1024.webp\" class=\"attachment-large size-large wp-image-5105\" alt=\"moving blanket on furniture\" title=\"\" srcset=\"https:\/\/panfortepian.pl\/wp-content\/uploads\/2026\/03\/gruby-koc-przeprowadzkowy-792x1024.webp 792w, https:\/\/panfortepian.pl\/wp-content\/uploads\/2026\/03\/gruby-koc-przeprowadzkowy-232x300.webp 232w, https:\/\/panfortepian.pl\/wp-content\/uploads\/2026\/03\/gruby-koc-przeprowadzkowy-768x993.webp 768w, https:\/\/panfortepian.pl\/wp-content\/uploads\/2026\/03\/gruby-koc-przeprowadzkowy-9x12.webp 9w, https:\/\/panfortepian.pl\/wp-content\/uploads\/2026\/03\/gruby-koc-przeprowadzkowy.webp 1100w\" sizes=\"(max-width: 792px) 100vw, 792px\" \/><\/div>\n\t\t<\/a>\n\t\t\t\t<div class=\"elementor-post__text\">\n\t\t\t\t<h2 class=\"elementor-post__title\">\n\t\t\t<a href=\"https:\/\/panfortepian.pl\/en\/for-transits\/transport-blanket-hero-of-safe-relocation\/\" >\n\t\t\t\tTransport blanket - the hero of safe relocation\t\t\t<\/a>\n\t\t<\/h2>\n\t\t\t\t<div class=\"elementor-post__excerpt\">\n\t\t\t<p>When planning a move, we tend to focus on cardboard boxes and duct tape. However, it's the moving blankets that make the difference between furniture that arrives intact and those that require expensive<\/p>\n\t\t<\/div>\n\t\t\t\t<\/div>\n\t\t\t\t<\/article>\n\t\t\t\t<article class=\"elementor-post elementor-grid-item post-4959 do-przeprowadek type-do-przeprowadek status-publish has-post-thumbnail hentry\" role=\"listitem\">\n\t\t\t\t<a class=\"elementor-post__thumbnail__link\" href=\"https:\/\/panfortepian.pl\/en\/for-transits\/transport-bus\/\" tabindex=\"-1\" >\n\t\t\t<div class=\"elementor-post__thumbnail\"><img decoding=\"async\" width=\"1024\" height=\"1024\" src=\"https:\/\/panfortepian.pl\/wp-content\/uploads\/2025\/12\/fortepian-w-busie.webp\" class=\"attachment-large size-large wp-image-4953\" alt=\"piano in a bus\" title=\"\" srcset=\"https:\/\/panfortepian.pl\/wp-content\/uploads\/2025\/12\/fortepian-w-busie.webp 1024w, https:\/\/panfortepian.pl\/wp-content\/uploads\/2025\/12\/fortepian-w-busie-300x300.webp 300w, https:\/\/panfortepian.pl\/wp-content\/uploads\/2025\/12\/fortepian-w-busie-150x150.webp 150w, https:\/\/panfortepian.pl\/wp-content\/uploads\/2025\/12\/fortepian-w-busie-768x768.webp 768w, https:\/\/panfortepian.pl\/wp-content\/uploads\/2025\/12\/fortepian-w-busie-12x12.webp 12w\" sizes=\"(max-width: 1024px) 100vw, 1024px\" \/><\/div>\n\t\t<\/a>\n\t\t\t\t<div class=\"elementor-post__text\">\n\t\t\t\t<h2 class=\"elementor-post__title\">\n\t\t\t<a href=\"https:\/\/panfortepian.pl\/en\/for-transits\/transport-bus\/\" >\n\t\t\t\tTransport bus - mobile base of operations\t\t\t<\/a>\n\t\t<\/h2>\n\t\t\t\t<div class=\"elementor-post__excerpt\">\n\t\t\t<p>Transport car - An essential tool in the logistics of any professional move. This is the vehicle with which all the work is done. The moving company relies most on this particular equipment. It must always be in working order<\/p>\n\t\t<\/div>\n\t\t\t\t<\/div>\n\t\t\t\t<\/article>\n\t\t\t\t<\/div>\n\t\t\n\t\t\t\t\t\t<\/div>\n\t\t\t\t<\/div>\n\t\t\t\t\t<\/div>\n\t\t\t\t<\/div>\n\t\t\t\t<\/div>","protected":false},"excerpt":{"rendered":"<p>Poznaj techniczne zaplecze naszych us\u0142ug. W\u00f3zki, pasy, winda hydrauliczna i specjalistyczne materia\u0142y ochronne \u2013 gwarancja bezpiecznej przeprowadzki. Przeprowadzka to nie tylko przenoszenie pude\u0142. To zorganizowana operacja logistyczna, w kt\u00f3rej kluczow\u0105 rol\u0119 odgrywa precyzyjny sprz\u0119t. U\u017cycie profesjonalnych narz\u0119dzi jest naszym zobowi\u0105zaniem do ochrony Twojego maj\u0105tku \u2013 od delikatnej elektroniki, przez cenne antyki, a\u017c po najci\u0119\u017csze meble [&hellip;]<\/p>","protected":false},"author":2,"featured_media":0,"parent":0,"menu_order":0,"comment_status":"closed","ping_status":"closed","template":"","meta":{"_glsr_average":0,"_glsr_ranking":0,"_glsr_reviews":0,"footnotes":""},"class_list":["post-4990","page","type-page","status-publish","hentry"],"blocksy_meta":[],"_links":{"self":[{"href":"https:\/\/panfortepian.pl\/en\/wp-json\/wp\/v2\/pages\/4990","targetHints":{"allow":["GET"]}}],"collection":[{"href":"https:\/\/panfortepian.pl\/en\/wp-json\/wp\/v2\/pages"}],"about":[{"href":"https:\/\/panfortepian.pl\/en\/wp-json\/wp\/v2\/types\/page"}],"author":[{"embeddable":true,"href":"https:\/\/panfortepian.pl\/en\/wp-json\/wp\/v2\/users\/2"}],"replies":[{"embeddable":true,"href":"https:\/\/panfortepian.pl\/en\/wp-json\/wp\/v2\/comments?post=4990"}],"version-history":[{"count":4,"href":"https:\/\/panfortepian.pl\/en\/wp-json\/wp\/v2\/pages\/4990\/revisions"}],"predecessor-version":[{"id":4994,"href":"https:\/\/panfortepian.pl\/en\/wp-json\/wp\/v2\/pages\/4990\/revisions\/4994"}],"wp:attachment":[{"href":"https:\/\/panfortepian.pl\/en\/wp-json\/wp\/v2\/media?parent=4990"}],"curies":[{"name":"wp","href":"https:\/\/api.w.org\/{rel}","templated":true}]}}