{"id":4962,"date":"2025-12-11T22:25:01","date_gmt":"2025-12-11T21:25:01","guid":{"rendered":"https:\/\/panfortepian.pl\/?page_id=4962"},"modified":"2025-12-11T22:37:45","modified_gmt":"2025-12-11T21:37:45","slug":"sprzet-do-transportu-pianin","status":"publish","type":"page","link":"https:\/\/panfortepian.pl\/en\/piano-transport-equipment\/","title":{"rendered":"Piano transport equipment"},"content":{"rendered":"<div data-elementor-type=\"wp-page\" data-elementor-id=\"4962\" class=\"elementor elementor-4962\" data-elementor-post-type=\"page\">\n\t\t\t\t<div class=\"elementor-element elementor-element-77d2f35 e-flex e-con-boxed e-con e-parent\" data-id=\"77d2f35\" data-element_type=\"container\">\n\t\t\t\t\t<div class=\"e-con-inner\">\n\t\t\t\t<div class=\"elementor-element elementor-element-3b7f345 elementor-widget__width-initial elementor-widget elementor-widget-text-editor\" data-id=\"3b7f345\" data-element_type=\"widget\" data-widget_type=\"text-editor.default\">\n\t\t\t\t\t\t\t\t\t<p>Learn about the professional equipment we use to safely transport keyboard instruments. See Transport Sleds, Caterpillar Stairlifts and Transport Belts.&nbsp;<\/p><p><span style=\"font-family: inherit; font-size: inherit; font-style: inherit; font-variant-ligatures: inherit; font-variant-caps: inherit; font-weight: inherit;\">Transporting a piano or grand piano is a high-risk operation. These instruments are not only heavy and bulky, but also extremely fragile and expensive to repair. An improper approach can result in damage to the case, or worse, disruption of the internal mechanism, requiring expensive intervention by a tuner.<\/span><\/p><p data-path-to-node=\"11\">That's why we treat every move as a precise logistical task, and base our success on the use of <b>certified, specialized equipment<\/b>, designed exclusively to work with keyboard instruments.<\/p>\t\t\t\t\t\t\t\t<\/div>\n\t\t\t\t<div class=\"elementor-element elementor-element-10c1c0f elementor-widget-divider--separator-type-pattern elementor-widget-divider--view-line elementor-widget elementor-widget-divider\" data-id=\"10c1c0f\" data-element_type=\"widget\" data-widget_type=\"divider.default\">\n\t\t\t\t\t\t\t<div class=\"elementor-divider\" style=\"--divider-pattern-url: url(&quot;data:image\/svg+xml,%3Csvg xmlns=&#039;http:\/\/www.w3.org\/2000\/svg&#039; preserveAspectRatio=&#039;none&#039; overflow=&#039;visible&#039; height=&#039;100%&#039; viewBox=&#039;0 0 20 16&#039; fill=&#039;none&#039; stroke=&#039;black&#039; stroke-width=&#039;1&#039; stroke-linecap=&#039;square&#039; stroke-miterlimit=&#039;10&#039;%3E%3Cg transform=&#039;translate(-12.000000, 0)&#039;%3E%3Cpath d=&#039;M28,0L10,18&#039;\/%3E%3Cpath d=&#039;M18,0L0,18&#039;\/%3E%3Cpath d=&#039;M48,0L30,18&#039;\/%3E%3Cpath d=&#039;M38,0L20,18&#039;\/%3E%3C\/g%3E%3C\/svg%3E&quot;);\">\n\t\t\t<span class=\"elementor-divider-separator\">\n\t\t\t\t\t\t<\/span>\n\t\t<\/div>\n\t\t\t\t\t\t<\/div>\n\t\t\t\t\t<\/div>\n\t\t\t\t<\/div>\n\t\t<div class=\"elementor-element elementor-element-d532686 e-flex e-con-boxed e-con e-parent\" data-id=\"d532686\" data-element_type=\"container\">\n\t\t\t\t\t<div class=\"e-con-inner\">\n\t\t\t\t<div class=\"elementor-element elementor-element-fc9dfc1 elementor-grid-3 elementor-grid-tablet-2 elementor-grid-mobile-1 elementor-posts--thumbnail-top elementor-widget elementor-widget-posts\" data-id=\"fc9dfc1\" data-element_type=\"widget\" data-settings=\"{&quot;pagination_type&quot;:&quot;numbers&quot;,&quot;classic_columns&quot;:&quot;3&quot;,&quot;classic_columns_tablet&quot;:&quot;2&quot;,&quot;classic_columns_mobile&quot;:&quot;1&quot;,&quot;classic_row_gap&quot;:{&quot;unit&quot;:&quot;px&quot;,&quot;size&quot;:35,&quot;sizes&quot;:[]},&quot;classic_row_gap_tablet&quot;:{&quot;unit&quot;:&quot;px&quot;,&quot;size&quot;:&quot;&quot;,&quot;sizes&quot;:[]},&quot;classic_row_gap_mobile&quot;:{&quot;unit&quot;:&quot;px&quot;,&quot;size&quot;:&quot;&quot;,&quot;sizes&quot;:[]}}\" data-widget_type=\"posts.classic\">\n\t\t\t\t<div class=\"elementor-widget-container\">\n\t\t\t\t\t\t\t<div class=\"elementor-posts-container elementor-posts elementor-posts--skin-classic elementor-grid\" role=\"list\">\n\t\t\t\t<article class=\"elementor-post elementor-grid-item post-4958 sprzet-do-pianin type-sprzet-do-pianin status-publish has-post-thumbnail hentry\" role=\"listitem\">\n\t\t\t\t<a class=\"elementor-post__thumbnail__link\" href=\"https:\/\/panfortepian.pl\/en\/piano-equipment\/robot-staircase\/\" tabindex=\"-1\" >\n\t\t\t<div class=\"elementor-post__thumbnail\"><img fetchpriority=\"high\" decoding=\"async\" width=\"1024\" height=\"535\" src=\"https:\/\/panfortepian.pl\/wp-content\/uploads\/2025\/12\/schodolaz-gasienicowy-1024x535.webp\" class=\"attachment-large size-large wp-image-4956\" alt=\"crawler staircase\" title=\"\" srcset=\"https:\/\/panfortepian.pl\/wp-content\/uploads\/2025\/12\/schodolaz-gasienicowy-1024x535.webp 1024w, https:\/\/panfortepian.pl\/wp-content\/uploads\/2025\/12\/schodolaz-gasienicowy-300x157.webp 300w, https:\/\/panfortepian.pl\/wp-content\/uploads\/2025\/12\/schodolaz-gasienicowy-768x401.webp 768w, https:\/\/panfortepian.pl\/wp-content\/uploads\/2025\/12\/schodolaz-gasienicowy-18x9.webp 18w, https:\/\/panfortepian.pl\/wp-content\/uploads\/2025\/12\/schodolaz-gasienicowy.webp 1200w\" sizes=\"(max-width: 1024px) 100vw, 1024px\" \/><\/div>\n\t\t<\/a>\n\t\t\t\t<div class=\"elementor-post__text\">\n\t\t\t\t<h2 class=\"elementor-post__title\">\n\t\t\t<a href=\"https:\/\/panfortepian.pl\/en\/piano-equipment\/robot-staircase\/\" >\n\t\t\t\tCaterpillar staircase - robot\t\t\t<\/a>\n\t\t<\/h2>\n\t\t\t\t<div class=\"elementor-post__excerpt\">\n\t\t\t<p>Carrying pianos and grand pianos to higher floors by traditional methods (using belts and muscle power) is effective, but has its limitations: it is exhausting, carries a risk of injury, and depends on<\/p>\n\t\t<\/div>\n\t\t\t\t<\/div>\n\t\t\t\t<\/article>\n\t\t\t\t<article class=\"elementor-post elementor-grid-item post-4957 sprzet-do-pianin type-sprzet-do-pianin status-publish has-post-thumbnail hentry\" role=\"listitem\">\n\t\t\t\t<a class=\"elementor-post__thumbnail__link\" href=\"https:\/\/panfortepian.pl\/en\/piano-equipment\/skid-board-transport-sled\/\" tabindex=\"-1\" >\n\t\t\t<div class=\"elementor-post__thumbnail\"><img decoding=\"async\" width=\"1024\" height=\"535\" src=\"https:\/\/panfortepian.pl\/wp-content\/uploads\/2025\/12\/Sanie-transportowe-skid-board-1024x535.webp\" class=\"attachment-large size-large wp-image-4955\" alt=\"Skid board transport sled\" title=\"\" srcset=\"https:\/\/panfortepian.pl\/wp-content\/uploads\/2025\/12\/Sanie-transportowe-skid-board-1024x535.webp 1024w, https:\/\/panfortepian.pl\/wp-content\/uploads\/2025\/12\/Sanie-transportowe-skid-board-300x157.webp 300w, https:\/\/panfortepian.pl\/wp-content\/uploads\/2025\/12\/Sanie-transportowe-skid-board-768x401.webp 768w, https:\/\/panfortepian.pl\/wp-content\/uploads\/2025\/12\/Sanie-transportowe-skid-board-18x9.webp 18w, https:\/\/panfortepian.pl\/wp-content\/uploads\/2025\/12\/Sanie-transportowe-skid-board.webp 1200w\" sizes=\"(max-width: 1024px) 100vw, 1024px\" \/><\/div>\n\t\t<\/a>\n\t\t\t\t<div class=\"elementor-post__text\">\n\t\t\t\t<h2 class=\"elementor-post__title\">\n\t\t\t<a href=\"https:\/\/panfortepian.pl\/en\/piano-equipment\/skid-board-transport-sled\/\" >\n\t\t\t\tTransport sled - Skid Board\t\t\t<\/a>\n\t\t<\/h2>\n\t\t\t\t<div class=\"elementor-post__excerpt\">\n\t\t\t<p>A piano, unlike a grand piano, has three legs and a complex pedal mechanism (lyre), which makes it extremely unstable and prone to damage in transportation. Moving a piano always begins with<\/p>\n\t\t<\/div>\n\t\t\t\t<\/div>\n\t\t\t\t<\/article>\n\t\t\t\t<article class=\"elementor-post elementor-grid-item post-4952 sprzet-do-pianin type-sprzet-do-pianin status-publish has-post-thumbnail hentry\" role=\"listitem\">\n\t\t\t\t<a class=\"elementor-post__thumbnail__link\" href=\"https:\/\/panfortepian.pl\/en\/piano-equipment\/harness-conveyor-belts\/\" tabindex=\"-1\" >\n\t\t\t<div class=\"elementor-post__thumbnail\"><img decoding=\"async\" width=\"1024\" height=\"558\" src=\"https:\/\/panfortepian.pl\/wp-content\/uploads\/2025\/12\/pasy-transportowe-szelki-1024x558.webp\" class=\"attachment-large size-large wp-image-4954\" alt=\"harness conveyor belts\" title=\"\" srcset=\"https:\/\/panfortepian.pl\/wp-content\/uploads\/2025\/12\/pasy-transportowe-szelki-1024x558.webp 1024w, https:\/\/panfortepian.pl\/wp-content\/uploads\/2025\/12\/pasy-transportowe-szelki-300x164.webp 300w, https:\/\/panfortepian.pl\/wp-content\/uploads\/2025\/12\/pasy-transportowe-szelki-768x419.webp 768w, https:\/\/panfortepian.pl\/wp-content\/uploads\/2025\/12\/pasy-transportowe-szelki-18x10.webp 18w, https:\/\/panfortepian.pl\/wp-content\/uploads\/2025\/12\/pasy-transportowe-szelki.webp 1200w\" sizes=\"(max-width: 1024px) 100vw, 1024px\" \/><\/div>\n\t\t<\/a>\n\t\t\t\t<div class=\"elementor-post__text\">\n\t\t\t\t<h2 class=\"elementor-post__title\">\n\t\t\t<a href=\"https:\/\/panfortepian.pl\/en\/piano-equipment\/harness-conveyor-belts\/\" >\n\t\t\t\tConveyor belts - harnesses\t\t\t<\/a>\n\t\t<\/h2>\n\t\t\t\t<div class=\"elementor-post__excerpt\">\n\t\t\t<p>Transporting pianos and grand pianos has always been a physical and logistical challenge. Standard techniques relied on arm and back strength, which was not only tiring but also dangerous for the porters, a<\/p>\n\t\t<\/div>\n\t\t\t\t<\/div>\n\t\t\t\t<\/article>\n\t\t\t\t<\/div>\n\t\t\n\t\t\t\t<div class=\"e-load-more-anchor\" data-page=\"1\" data-max-page=\"2\" data-next-page=\"https:\/\/panfortepian.pl\/wp-json\/wp\/v2\/pages\/4962\/page\/2\/\"><\/div>\n\t\t\t\t<nav class=\"elementor-pagination\" aria-label=\"Pagination\">\n\t\t\t<span aria-current=\"page\" class=\"page-numbers current\"><span class=\"elementor-screen-only\">Page<\/span>1<\/span>\n<a class=\"page-numbers\" href=\"https:\/\/panfortepian.pl\/wp-json\/wp\/v2\/pages\/4962\/page\/2\/\"><span class=\"elementor-screen-only\">Page<\/span>2<\/a>\t\t<\/nav>\n\t\t\t\t\t\t<\/div>\n\t\t\t\t<\/div>\n\t\t\t\t\t<\/div>\n\t\t\t\t<\/div>\n\t\t\t\t<\/div>","protected":false},"excerpt":{"rendered":"<p>Poznaj profesjonalny sprz\u0119t, jakiego u\u017cywamy do bezpiecznego przewozu instrument\u00f3w klawiszowych. Zobacz Sanie Transportowe, Schodo\u0142azy G\u0105sienicowe i Pasy Transportowe.&nbsp; Transport pianina lub fortepianu to operacja o wysokim ryzyku. Instrumenty te s\u0105 nie tylko ci\u0119\u017ckie i niepor\u0119czne, ale te\u017c niezwykle delikatne i kosztowne w naprawie. Niew\u0142a\u015bciwe podej\u015bcie mo\u017ce skutkowa\u0107 uszkodzeniem obudowy, a co gorsza \u2013 rozregulowaniem mechanizmu [&hellip;]<\/p>","protected":false},"author":1,"featured_media":0,"parent":0,"menu_order":0,"comment_status":"closed","ping_status":"closed","template":"","meta":{"_glsr_average":0,"_glsr_ranking":0,"_glsr_reviews":0,"footnotes":""},"class_list":["post-4962","page","type-page","status-publish","hentry"],"blocksy_meta":[],"_links":{"self":[{"href":"https:\/\/panfortepian.pl\/en\/wp-json\/wp\/v2\/pages\/4962","targetHints":{"allow":["GET"]}}],"collection":[{"href":"https:\/\/panfortepian.pl\/en\/wp-json\/wp\/v2\/pages"}],"about":[{"href":"https:\/\/panfortepian.pl\/en\/wp-json\/wp\/v2\/types\/page"}],"author":[{"embeddable":true,"href":"https:\/\/panfortepian.pl\/en\/wp-json\/wp\/v2\/users\/1"}],"replies":[{"embeddable":true,"href":"https:\/\/panfortepian.pl\/en\/wp-json\/wp\/v2\/comments?post=4962"}],"version-history":[{"count":23,"href":"https:\/\/panfortepian.pl\/en\/wp-json\/wp\/v2\/pages\/4962\/revisions"}],"predecessor-version":[{"id":4989,"href":"https:\/\/panfortepian.pl\/en\/wp-json\/wp\/v2\/pages\/4962\/revisions\/4989"}],"wp:attachment":[{"href":"https:\/\/panfortepian.pl\/en\/wp-json\/wp\/v2\/media?parent=4962"}],"curies":[{"name":"wp","href":"https:\/\/api.w.org\/{rel}","templated":true}]}}