{"id":2606,"date":"2024-11-03T14:25:50","date_gmt":"2024-11-03T13:25:50","guid":{"rendered":"https:\/\/panfortepian.pl\/?page_id=2606"},"modified":"2025-09-29T23:10:45","modified_gmt":"2025-09-29T21:10:45","slug":"taxi-bagazowe-wroclaw","status":"publish","type":"page","link":"https:\/\/panfortepian.pl\/en\/baggage-cab-wroclaw\/","title":{"rendered":"Luggage cab Wroclaw - attractive prices"},"content":{"rendered":"<div data-elementor-type=\"wp-page\" data-elementor-id=\"2606\" class=\"elementor elementor-2606\" data-elementor-post-type=\"page\">\n\t\t\t\t<div class=\"elementor-element elementor-element-21fc403 e-con-full e-flex e-con e-parent\" data-id=\"21fc403\" data-element_type=\"container\">\n\t\t<div class=\"elementor-element elementor-element-3b99d1b e-flex e-con-boxed e-con e-child\" data-id=\"3b99d1b\" data-element_type=\"container\" data-settings=\"{&quot;background_background&quot;:&quot;classic&quot;}\">\n\t\t\t\t\t<div class=\"e-con-inner\">\n\t\t<div class=\"elementor-element elementor-element-808fb92 e-con-full e-flex e-con e-child\" data-id=\"808fb92\" data-element_type=\"container\">\n\t\t\t\t<div class=\"elementor-element elementor-element-1b05e13 elementor-widget elementor-widget-shortcode\" data-id=\"1b05e13\" data-element_type=\"widget\" data-widget_type=\"shortcode.default\">\n\t\t\t\t\t\t\t<div class=\"elementor-shortcode\"><\/div>\n\t\t\t\t\t\t<\/div>\n\t\t\t\t<div class=\"elementor-element elementor-element-69e14f5 elementor-widget elementor-widget-heading\" data-id=\"69e14f5\" data-element_type=\"widget\" data-widget_type=\"heading.default\">\n\t\t\t\t\t<h1 class=\"elementor-heading-title elementor-size-default\">Luggage Taxi Wroclaw<\/h1>\t\t\t\t<\/div>\n\t\t\t\t<div class=\"elementor-element elementor-element-7fca67a elementor-widget elementor-widget-text-editor\" data-id=\"7fca67a\" data-element_type=\"widget\" data-widget_type=\"text-editor.default\">\n\t\t\t\t\t\t\t\t\t<p>We are equipped to transport furniture and household appliances<\/p><p><b style=\"color: var(--theme-text-color); font-family: var(--theme-font-family); letter-spacing: var(--theme-letter-spacing); text-transform: var(--theme-text-transform); font-size: inherit; text-align: inherit; font-style: var(--theme-font-style, inherit);\">We will transport all your items!<\/b><\/p><p><em style=\"background-color: var( --e-global-color-blocksy_palette_7 ); color: var(--theme-text-color); font-family: var(--theme-font-family); font-weight: var(--theme-font-weight); letter-spacing: var(--theme-letter-spacing); text-transform: var(--theme-text-transform);\">You couldn't have come at a better time!<\/em><span style=\"font-size: inherit; text-align: inherit; background-color: var( --e-global-color-blocksy_palette_7 ); color: var(--theme-text-color); font-family: var(--theme-font-family); font-style: var(--theme-font-style, inherit); font-weight: var(--theme-font-weight); letter-spacing: var(--theme-letter-spacing); text-transform: var(--theme-text-transform);\"> Browse our offerings quickly a <\/span><a style=\"font-size: inherit; text-align: inherit; background-color: var( --e-global-color-blocksy_palette_7 ); font-family: var(--theme-font-family); font-style: var(--theme-font-style, inherit); font-weight: var(--theme-font-weight); letter-spacing: var(--theme-letter-spacing); text-transform: var(--theme-text-transform);\" href=\"https:\/\/panfortepian.pl\/en\/contact\/\">then contact us<\/a><\/p>\t\t\t\t\t\t\t\t<\/div>\n\t\t\t\t<\/div>\n\t\t<div class=\"elementor-element elementor-element-ee88ee0 e-con-full e-flex e-con e-child\" data-id=\"ee88ee0\" data-element_type=\"container\">\n\t\t\t\t<div class=\"elementor-element elementor-element-876b21e elementor-widget elementor-widget-image\" data-id=\"876b21e\" data-element_type=\"widget\" data-widget_type=\"image.default\">\n\t\t\t\t\t\t\t\t\t\t\t\t\t\t\t<img fetchpriority=\"high\" decoding=\"async\" width=\"1024\" height=\"989\" src=\"https:\/\/panfortepian.pl\/wp-content\/uploads\/2024\/07\/przeprowadzki-panfortepian.webp\" class=\"attachment-large size-large wp-image-2240\" alt=\"\" srcset=\"https:\/\/panfortepian.pl\/wp-content\/uploads\/2024\/07\/przeprowadzki-panfortepian.webp 1024w, https:\/\/panfortepian.pl\/wp-content\/uploads\/2024\/07\/przeprowadzki-panfortepian-300x290.webp 300w, https:\/\/panfortepian.pl\/wp-content\/uploads\/2024\/07\/przeprowadzki-panfortepian-768x742.webp 768w\" sizes=\"(max-width: 1024px) 100vw, 1024px\" title=\"\">\t\t\t\t\t\t\t\t\t\t\t\t\t\t\t<\/div>\n\t\t\t\t<\/div>\n\t\t\t\t\t<\/div>\n\t\t\t\t<\/div>\n\t\t\t\t<\/div>\n\t\t<div class=\"elementor-element elementor-element-56e44ed e-flex e-con-boxed e-con e-parent\" data-id=\"56e44ed\" data-element_type=\"container\">\n\t\t\t\t\t<div class=\"e-con-inner\">\n\t\t<div class=\"elementor-element elementor-element-bca9057 e-con-full e-flex e-con e-child\" data-id=\"bca9057\" data-element_type=\"container\" data-settings=\"{&quot;background_background&quot;:&quot;classic&quot;}\">\n\t\t\t\t<div class=\"elementor-element elementor-element-567b0b7 elementor-widget elementor-widget-image\" data-id=\"567b0b7\" data-element_type=\"widget\" data-widget_type=\"image.default\">\n\t\t\t\t\t\t\t\t\t\t\t\t\t\t\t<img decoding=\"async\" src=\"https:\/\/panfortepian.pl\/wp-content\/uploads\/elementor\/thumbs\/taxi-bagazowe-wroclaw-panfortepian-r3qizlxw12ve9x4h3p2th70ljk22qq2oxidy9oifzk.webp\" title=\"taxi-bagazine-wroclaw-panfortepian\" alt=\"A large car carrying customers&#039; belongings. It has a Baggage Taxi sign on the side\" loading=\"lazy\" \/>\t\t\t\t\t\t\t\t\t\t\t\t\t\t\t<\/div>\n\t\t\t\t<\/div>\n\t\t<div class=\"elementor-element elementor-element-eb337a0 e-con-full e-flex e-con e-child\" data-id=\"eb337a0\" data-element_type=\"container\">\n\t\t\t\t<div class=\"elementor-element elementor-element-10f68d5 elementor-widget elementor-widget-heading\" data-id=\"10f68d5\" data-element_type=\"widget\" data-widget_type=\"heading.default\">\n\t\t\t\t\t<h2 class=\"elementor-heading-title elementor-size-default\">Range of baggage cab services<\/h2>\t\t\t\t<\/div>\n\t\t\t\t<div class=\"elementor-element elementor-element-c18b079 elementor-widget elementor-widget-text-editor\" data-id=\"c18b079\" data-element_type=\"widget\" data-widget_type=\"text-editor.default\">\n\t\t\t\t\t\t\t\t\t<p>Luggage Taxi offers a wide range of services, including:<\/p><ul><li><strong>Furniture transportation<\/strong>: Transportation of sofas, closets, tables and other large furniture.<\/li><li><strong>Transport of household appliances and consumer electronics<\/strong>: Transportation of refrigerators, washing machines, televisions, etc.<\/li><li><strong>Removals<\/strong>: Assistance in removals, both local and intercity.<\/li><li><strong>Transportation of construction materials<\/strong>: Carriage of heavy<br \/>and large building materials<br \/>and finishing<\/li><\/ul>\t\t\t\t\t\t\t\t<\/div>\n\t\t\t\t<\/div>\n\t\t\t\t\t<\/div>\n\t\t\t\t<\/div>\n\t\t<div class=\"elementor-element elementor-element-aa30ad0 e-flex e-con-boxed e-con e-parent\" data-id=\"aa30ad0\" data-element_type=\"container\">\n\t\t\t\t\t<div class=\"e-con-inner\">\n\t\t<div class=\"elementor-element elementor-element-43f0ffd e-flex e-con-boxed e-con e-child\" data-id=\"43f0ffd\" data-element_type=\"container\" data-settings=\"{&quot;background_background&quot;:&quot;classic&quot;}\">\n\t\t\t\t\t<div class=\"e-con-inner\">\n\t\t<div class=\"elementor-element elementor-element-06f8c1c e-flex e-con-boxed e-con e-child\" data-id=\"06f8c1c\" data-element_type=\"container\">\n\t\t\t\t\t<div class=\"e-con-inner\">\n\t\t<div class=\"elementor-element elementor-element-f80d03c e-flex e-con-boxed e-con e-child\" data-id=\"f80d03c\" data-element_type=\"container\">\n\t\t\t\t\t<div class=\"e-con-inner\">\n\t\t\t\t<div class=\"elementor-element elementor-element-6f8626c elementor-drop-cap-yes elementor-drop-cap-view-default elementor-widget elementor-widget-text-editor\" data-id=\"6f8626c\" data-element_type=\"widget\" data-settings=\"{&quot;drop_cap&quot;:&quot;yes&quot;}\" data-widget_type=\"text-editor.default\">\n\t\t\t\t\t\t\t\t\t<p>We provide baggage cab services mainly in Wroclaw and the surrounding areas. But also on the whole territory of Poland<\/p>\t\t\t\t\t\t\t\t<\/div>\n\t\t\t\t\t<\/div>\n\t\t\t\t<\/div>\n\t\t<div class=\"elementor-element elementor-element-d485229 e-flex e-con-boxed e-con e-child\" data-id=\"d485229\" data-element_type=\"container\">\n\t\t\t\t\t<div class=\"e-con-inner\">\n\t\t\t\t<div class=\"elementor-element elementor-element-acf65e8 elementor-drop-cap-yes elementor-drop-cap-view-default elementor-widget elementor-widget-text-editor\" data-id=\"acf65e8\" data-element_type=\"widget\" data-settings=\"{&quot;drop_cap&quot;:&quot;yes&quot;}\" data-widget_type=\"text-editor.default\">\n\t\t\t\t\t\t\t\t\t<p>We take care of customers and they come back to us. We provide comprehensive service and advice. We often establish long-term cooperation<\/p>\t\t\t\t\t\t\t\t<\/div>\n\t\t\t\t\t<\/div>\n\t\t\t\t<\/div>\n\t\t<div class=\"elementor-element elementor-element-8747df5 e-flex e-con-boxed e-con e-child\" data-id=\"8747df5\" data-element_type=\"container\">\n\t\t\t\t\t<div class=\"e-con-inner\">\n\t\t\t\t<div class=\"elementor-element elementor-element-4152e3e elementor-drop-cap-yes elementor-drop-cap-view-default elementor-widget elementor-widget-text-editor\" data-id=\"4152e3e\" data-element_type=\"widget\" data-settings=\"{&quot;drop_cap&quot;:&quot;yes&quot;}\" data-widget_type=\"text-editor.default\">\n\t\t\t\t\t\t\t\t\t<p>We have cars suitable for transporting furniture, consumer electronics\/appliances and all heavy items<\/p>\t\t\t\t\t\t\t\t<\/div>\n\t\t\t\t\t<\/div>\n\t\t\t\t<\/div>\n\t\t\t\t\t<\/div>\n\t\t\t\t<\/div>\n\t\t\t\t\t<\/div>\n\t\t\t\t<\/div>\n\t\t\t\t\t<\/div>\n\t\t\t\t<\/div>\n\t\t<div class=\"elementor-element elementor-element-9602bd7 e-flex e-con-boxed e-con e-parent\" data-id=\"9602bd7\" data-element_type=\"container\">\n\t\t\t\t\t<div class=\"e-con-inner\">\n\t\t<div class=\"elementor-element elementor-element-75a26fb e-flex e-con-boxed e-con e-child\" data-id=\"75a26fb\" data-element_type=\"container\">\n\t\t\t\t\t<div class=\"e-con-inner\">\n\t\t\t\t<div class=\"elementor-element elementor-element-02552ce elementor-view-default elementor-position-top elementor-mobile-position-top elementor-widget elementor-widget-icon-box\" data-id=\"02552ce\" data-element_type=\"widget\" data-widget_type=\"icon-box.default\">\n\t\t\t\t\t\t\t<div class=\"elementor-icon-box-wrapper\">\n\n\t\t\t\t\t\t<div class=\"elementor-icon-box-icon\">\n\t\t\t\t<span  class=\"elementor-icon\">\n\t\t\t\t<svg aria-hidden=\"true\" class=\"e-font-icon-svg e-fas-truck-moving\" viewbox=\"0 0 640 512\" xmlns=\"http:\/\/www.w3.org\/2000\/svg\"><path d=\"M621.3 237.3l-58.5-58.5c-12-12-28.3-18.7-45.3-18.7H480V64c0-17.7-14.3-32-32-32H32C14.3 32 0 46.3 0 64v336c0 44.2 35.8 80 80 80 26.3 0 49.4-12.9 64-32.4 14.6 19.6 37.7 32.4 64 32.4 44.2 0 80-35.8 80-80 0-5.5-.6-10.8-1.6-16h163.2c-1.1 5.2-1.6 10.5-1.6 16 0 44.2 35.8 80 80 80s80-35.8 80-80c0-5.5-.6-10.8-1.6-16H624c8.8 0 16-7.2 16-16v-85.5c0-17-6.7-33.2-18.7-45.2zM80 432c-17.6 0-32-14.4-32-32s14.4-32 32-32 32 14.4 32 32-14.4 32-32 32zm128 0c-17.6 0-32-14.4-32-32s14.4-32 32-32 32 14.4 32 32-14.4 32-32 32zm272-224h37.5c4.3 0 8.3 1.7 11.3 4.7l43.3 43.3H480v-48zm48 224c-17.6 0-32-14.4-32-32s14.4-32 32-32 32 14.4 32 32-14.4 32-32 32z\"><\/path><\/svg>\t\t\t\t<\/span>\n\t\t\t<\/div>\n\t\t\t\n\t\t\t\t\t\t<div class=\"elementor-icon-box-content\">\n\n\t\t\t\t\t\t\t\t\t<h2 class=\"elementor-icon-box-title\">\n\t\t\t\t\t\t<span  >\n\t\t\t\t\t\t\tWhat is a baggage cab?\t\t\t\t\t\t<\/span>\n\t\t\t\t\t<\/h2>\n\t\t\t\t\n\t\t\t\t\t\t\t\t\t<p class=\"elementor-icon-box-description\">\n\t\t\t\t\t\tA baggage cab is a specialized transportation service that carries various types of luggage and cargo. Unlike traditional passenger cabs, baggage cabs are designed to carry larger and heavier items, such as furniture, household appliances, building materials or other large packages.\n\n\t\t\t\t\t<\/p>\n\t\t\t\t\n\t\t\t<\/div>\n\t\t\t\n\t\t<\/div>\n\t\t\t\t\t\t<\/div>\n\t\t\t\t<div class=\"elementor-element elementor-element-9f1c94e elementor-align-center elementor-widget elementor-widget-button\" data-id=\"9f1c94e\" data-element_type=\"widget\" data-widget_type=\"button.default\">\n\t\t\t\t\t\t\t\t\t\t<a class=\"elementor-button elementor-button-link elementor-size-md elementor-animation-grow\" href=\"https:\/\/panfortepian.pl\/en\/about-us\/\">\n\t\t\t\t\t\t<span class=\"elementor-button-content-wrapper\">\n\t\t\t\t\t\t\t\t\t<span class=\"elementor-button-text\">Learn more about us!<\/span>\n\t\t\t\t\t<\/span>\n\t\t\t\t\t<\/a>\n\t\t\t\t\t\t\t\t<\/div>\n\t\t\t\t\t<\/div>\n\t\t\t\t<\/div>\n\t\t\t\t\t<\/div>\n\t\t\t\t<\/div>\n\t\t<div class=\"elementor-element elementor-element-18b3b14 e-flex e-con-boxed e-con e-parent\" data-id=\"18b3b14\" data-element_type=\"container\">\n\t\t\t\t\t<div class=\"e-con-inner\">\n\t\t<div class=\"elementor-element elementor-element-2beb8d0 e-con-full e-flex e-con e-child\" data-id=\"2beb8d0\" data-element_type=\"container\">\n\t\t\t\t<div class=\"elementor-element elementor-element-76224c4 elementor-widget elementor-widget-heading\" data-id=\"76224c4\" data-element_type=\"widget\" data-widget_type=\"heading.default\">\n\t\t\t\t\t<h2 class=\"elementor-heading-title elementor-size-default\">Specialized equipment<\/h2>\t\t\t\t<\/div>\n\t\t\t\t<div class=\"elementor-element elementor-element-6df6ca6 elementor-widget elementor-widget-text-editor\" data-id=\"6df6ca6\" data-element_type=\"widget\" data-widget_type=\"text-editor.default\">\n\t\t\t\t\t\t\t\t\t<p>In order to effectively carry out baggage cab services, it is necessary to have the right equipment:<\/p><ul><li><strong>Vans<\/strong>: Heavy-duty vehicles, often equipped with loading elevators.<\/li><li><strong>Transport carts<\/strong>: Make it easier to carry heavy objects.<\/li><li><strong>Conveyor belts<\/strong>: For securing cargo during transportation.<\/li><li><strong>Protective blankets and films<\/strong>: Protect the items being transported from damage.<\/li><li><strong>Tools for disassembly<\/strong>: If you need to disassemble the furniture into parts.<\/li><\/ul>\t\t\t\t\t\t\t\t<\/div>\n\t\t\t\t<\/div>\n\t\t<div class=\"elementor-element elementor-element-3df7806 e-con-full e-flex e-con e-child\" data-id=\"3df7806\" data-element_type=\"container\">\n\t\t\t\t<div class=\"elementor-element elementor-element-cc9a2de elementor-widget elementor-widget-heading\" data-id=\"cc9a2de\" data-element_type=\"widget\" data-widget_type=\"heading.default\">\n\t\t\t\t\t<h2 class=\"elementor-heading-title elementor-size-default\">Many years of experience<\/h2>\t\t\t\t<\/div>\n\t\t\t\t<div class=\"elementor-element elementor-element-ae62b6b elementor-widget elementor-widget-text-editor\" data-id=\"ae62b6b\" data-element_type=\"widget\" data-widget_type=\"text-editor.default\">\n\t\t\t\t\t\t\t\t\t<p>Working as a baggage cab requires relevant experience and skills:<\/p><ul><li><strong>Knowledge of loading and unloading techniques<\/strong>: To safely carry and transport heavy objects.<\/li><li><strong>Ability to secure cargo<\/strong>: To avoid damage during transportation.<\/li><li><strong>Good physical condition<\/strong>: The work often requires a lot of physical effort.<\/li><li><strong>Knowledge of the city's topography<\/strong>: To get around the city efficiently and avoid traffic jams<\/li><\/ul><p>\u00a0<\/p>\t\t\t\t\t\t\t\t<\/div>\n\t\t\t\t<\/div>\n\t\t\t\t\t<\/div>\n\t\t\t\t<\/div>\n\t\t<div class=\"elementor-element elementor-element-9a04599 e-flex e-con-boxed e-con e-parent\" data-id=\"9a04599\" data-element_type=\"container\">\n\t\t\t\t\t<div class=\"e-con-inner\">\n\t\t\t\t<div class=\"elementor-element elementor-element-2fb1321 elementor-widget elementor-widget-heading\" data-id=\"2fb1321\" data-element_type=\"widget\" data-widget_type=\"heading.default\">\n\t\t\t\t\t<h2 class=\"elementor-heading-title elementor-size-default\">Transparent pricing - no hidden costs\n<\/h2>\t\t\t\t<\/div>\n\t\t\t\t<div class=\"elementor-element elementor-element-17736aa elementor-widget__width-initial elementor-widget elementor-widget-text-editor\" data-id=\"17736aa\" data-element_type=\"widget\" data-widget_type=\"text-editor.default\">\n\t\t\t\t\t\t\t\t\t<p>We focus on full transparency and no hidden costs. Our competitive <strong><a href=\"\/en\/usugi\/#cennik\">prices<\/a> <\/strong>Are clearly defined. You have full control over your budget. Our services are available for every budget, allowing you to enjoy professional moving services without additional worries.<\/p>\t\t\t\t\t\t\t\t<\/div>\n\t\t\t\t<div class=\"elementor-element elementor-element-6d9d9ee elementor-align-center elementor-widget elementor-widget-button\" data-id=\"6d9d9ee\" data-element_type=\"widget\" data-widget_type=\"button.default\">\n\t\t\t\t\t\t\t\t\t\t<a class=\"elementor-button elementor-button-link elementor-size-sm elementor-animation-grow\" href=\"\/en\/services\/#cennik\">\n\t\t\t\t\t\t<span class=\"elementor-button-content-wrapper\">\n\t\t\t\t\t\t\t\t\t<span class=\"elementor-button-text\">Price list for removals<\/span>\n\t\t\t\t\t<\/span>\n\t\t\t\t\t<\/a>\n\t\t\t\t\t\t\t\t<\/div>\n\t\t<div class=\"elementor-element elementor-element-c469024 e-flex e-con-boxed e-con e-child\" data-id=\"c469024\" data-element_type=\"container\" data-settings=\"{&quot;background_background&quot;:&quot;classic&quot;}\">\n\t\t\t\t\t<div class=\"e-con-inner\">\n\t\t<div class=\"elementor-element elementor-element-9a72b76 e-flex e-con-boxed e-con e-child\" data-id=\"9a72b76\" data-element_type=\"container\">\n\t\t\t\t\t<div class=\"e-con-inner\">\n\t\t<div class=\"elementor-element elementor-element-16ba9af e-flex e-con-boxed e-con e-child\" data-id=\"16ba9af\" data-element_type=\"container\">\n\t\t\t\t\t<div class=\"e-con-inner\">\n\t\t\t\t<div class=\"elementor-element elementor-element-b178821 elementor-widget elementor-widget-text-editor\" data-id=\"b178821\" data-element_type=\"widget\" data-widget_type=\"text-editor.default\">\n\t\t\t\t\t\t\t\t\t<h3><strong>Contact us today<\/strong><\/h3><p>Do you need fast and safe transport of luggage in Wroclaw? Our luggage cab is the perfect solution for you! We offer competitive prices and professional service.<\/p><p><strong>You need safe and professional transportation.<\/strong><\/p><p>Luggage Taxi is a convenient and practical solution for people who need to transport larger amounts of luggage or large items in a quick and safe manner.<\/p><p>Call now! or use the form <strong><a href=\"https:\/\/panfortepian.pl\/en\/pricing\/\">valuations.<\/a><\/strong> Free quote!<\/p>\t\t\t\t\t\t\t\t<\/div>\n\t\t\t\t\t<\/div>\n\t\t\t\t<\/div>\n\t\t\t\t\t<\/div>\n\t\t\t\t<\/div>\n\t\t\t\t\t<\/div>\n\t\t\t\t<\/div>\n\t\t\t\t\t<\/div>\n\t\t\t\t<\/div>\n\t\t<div class=\"elementor-element elementor-element-c7a4a25 e-flex e-con-boxed e-con e-parent\" data-id=\"c7a4a25\" data-element_type=\"container\">\n\t\t\t\t\t<div class=\"e-con-inner\">\n\t\t<div class=\"elementor-element elementor-element-e2692d9 e-con-full e-flex e-con e-child\" data-id=\"e2692d9\" data-element_type=\"container\">\n\t\t\t\t<div class=\"elementor-element elementor-element-ac6eac3 elementor-widget elementor-widget-image\" data-id=\"ac6eac3\" data-element_type=\"widget\" data-widget_type=\"image.default\">\n\t\t\t\t\t\t\t\t\t\t\t\t\t\t\t<img decoding=\"async\" src=\"https:\/\/panfortepian.pl\/wp-content\/uploads\/2024\/11\/transport-przeprowadzki-ulotka-panfortepian1.webp\" title=\"transport-movements-bulletin-panfortepian1\" alt=\"Flyer advertising the services of Mr. Piano moving and transportation company\" loading=\"lazy\" \/>\t\t\t\t\t\t\t\t\t\t\t\t\t\t\t<\/div>\n\t\t\t\t<\/div>\n\t\t<div class=\"elementor-element elementor-element-0fbbd45 e-con-full e-flex e-con e-child\" data-id=\"0fbbd45\" data-element_type=\"container\">\n\t\t\t\t<div class=\"elementor-element elementor-element-4377232 elementor-widget elementor-widget-image\" data-id=\"4377232\" data-element_type=\"widget\" data-widget_type=\"image.default\">\n\t\t\t\t\t\t\t\t\t\t\t\t\t\t\t<img decoding=\"async\" src=\"https:\/\/panfortepian.pl\/wp-content\/uploads\/2024\/11\/transport-przeprowadzki-ulotka-panfortepian2.webp\" title=\"transport-movements-bulletin-panfortepian2\" alt=\"The listed advantages of the company Mr. Piano. Experience, professionals, specialized equipment, cooperation with companies\" loading=\"lazy\" \/>\t\t\t\t\t\t\t\t\t\t\t\t\t\t\t<\/div>\n\t\t\t\t<\/div>\n\t\t\t\t\t<\/div>\n\t\t\t\t<\/div>\n\t\t<div class=\"elementor-element elementor-element-53b7f06 e-flex e-con-boxed e-con e-parent\" data-id=\"53b7f06\" data-element_type=\"container\" data-settings=\"{&quot;background_background&quot;:&quot;gradient&quot;}\">\n\t\t\t\t\t<div class=\"e-con-inner\">\n\t\t<div class=\"elementor-element elementor-element-48a6fd3 e-flex e-con-boxed e-con e-child\" data-id=\"48a6fd3\" data-element_type=\"container\" data-settings=\"{&quot;background_background&quot;:&quot;classic&quot;}\">\n\t\t\t\t\t<div class=\"e-con-inner\">\n\t\t<div class=\"elementor-element elementor-element-4574ed9 e-con-full e-flex e-con e-child\" data-id=\"4574ed9\" data-element_type=\"container\">\n\t\t\t\t<div class=\"elementor-element elementor-element-7912f87 elementor-widget elementor-widget-heading\" data-id=\"7912f87\" data-element_type=\"widget\" data-widget_type=\"heading.default\">\n\t\t\t\t\t<h3 class=\"elementor-heading-title elementor-size-default\">Order a luggage cab now!<\/h3>\t\t\t\t<\/div>\n\t\t\t\t<div class=\"elementor-element elementor-element-7901c9d elementor-widget elementor-widget-text-editor\" data-id=\"7901c9d\" data-element_type=\"widget\" data-widget_type=\"text-editor.default\">\n\t\t\t\t\t\t\t\t\tWrite to us now or call us. Phone 605-627-532\n\n\t\t\t\t\t\t\t\t<\/div>\n\t\t\t\t<\/div>\n\t\t<div class=\"elementor-element elementor-element-2b329cd e-con-full e-flex e-con e-child\" data-id=\"2b329cd\" data-element_type=\"container\">\n\t\t\t\t<div class=\"elementor-element elementor-element-c3463ea elementor-widget elementor-widget-button\" data-id=\"c3463ea\" data-element_type=\"widget\" data-widget_type=\"button.default\">\n\t\t\t\t\t\t\t\t\t\t<a class=\"elementor-button elementor-button-link elementor-size-sm\" href=\"\/en\/pricing\/\">\n\t\t\t\t\t\t<span class=\"elementor-button-content-wrapper\">\n\t\t\t\t\t\t<span class=\"elementor-button-icon\">\n\t\t\t\t\t\t\t<\/span>\n\t\t\t\t\t\t\t\t\t<span class=\"elementor-button-text\">Pricing of the service<\/span>\n\t\t\t\t\t<\/span>\n\t\t\t\t\t<\/a>\n\t\t\t\t\t\t\t\t<\/div>\n\t\t\t\t<\/div>\n\t\t\t\t\t<\/div>\n\t\t\t\t<\/div>\n\t\t\t\t\t<\/div>\n\t\t\t\t<\/div>\n\t\t\t\t<\/div>","protected":false},"excerpt":{"rendered":"<p>Taxi baga\u017cowe Wroc\u0142aw Jeste\u015bmy przystosowani do przewozu mebli i\u00a0 sprz\u0119t\u00f3w domowych Przewieziemy wszystkie Twoje przedmioty! Nie mog\u0142e\u015b trafi\u0107 lepiej! Przegl\u0105dnij pr\u0119dko nasz\u0105 ofert\u0119 a nast\u0119pnie si\u0119 z nami skontaktuj Zakres us\u0142ug taxi baga\u017cowego Taxi baga\u017cowe oferuje szeroki zakres us\u0142ug, w tym: Transport mebli: Przew\u00f3z sof, szaf, sto\u0142\u00f3w i innych du\u017cych mebli. Transport sprz\u0119tu AGD i [&hellip;]<\/p>","protected":false},"author":1,"featured_media":0,"parent":0,"menu_order":0,"comment_status":"closed","ping_status":"closed","template":"","meta":{"_glsr_average":0,"_glsr_ranking":0,"_glsr_reviews":0,"footnotes":""},"class_list":["post-2606","page","type-page","status-publish","hentry"],"blocksy_meta":{"has_hero_section":"disabled","vertical_spacing_source":"custom","content_area_spacing":"none","styles_descriptor":{"styles":{"desktop":"","tablet":"","mobile":""},"google_fonts":[],"version":6}},"_links":{"self":[{"href":"https:\/\/panfortepian.pl\/en\/wp-json\/wp\/v2\/pages\/2606","targetHints":{"allow":["GET"]}}],"collection":[{"href":"https:\/\/panfortepian.pl\/en\/wp-json\/wp\/v2\/pages"}],"about":[{"href":"https:\/\/panfortepian.pl\/en\/wp-json\/wp\/v2\/types\/page"}],"author":[{"embeddable":true,"href":"https:\/\/panfortepian.pl\/en\/wp-json\/wp\/v2\/users\/1"}],"replies":[{"embeddable":true,"href":"https:\/\/panfortepian.pl\/en\/wp-json\/wp\/v2\/comments?post=2606"}],"version-history":[{"count":12,"href":"https:\/\/panfortepian.pl\/en\/wp-json\/wp\/v2\/pages\/2606\/revisions"}],"predecessor-version":[{"id":4841,"href":"https:\/\/panfortepian.pl\/en\/wp-json\/wp\/v2\/pages\/2606\/revisions\/4841"}],"wp:attachment":[{"href":"https:\/\/panfortepian.pl\/en\/wp-json\/wp\/v2\/media?parent=2606"}],"curies":[{"name":"wp","href":"https:\/\/api.w.org\/{rel}","templated":true}]}}